{"id":24706,"date":"2022-08-10T17:21:33","date_gmt":"2022-08-10T15:21:33","guid":{"rendered":"https:\/\/hathalife.fr\/?page_id=24706"},"modified":"2025-09-14T18:04:19","modified_gmt":"2025-09-14T16:04:19","slug":"angamardana","status":"publish","type":"page","link":"https:\/\/hathalife.fr\/en\/angamardana\/","title":{"rendered":"Angamardana"},"content":{"rendered":"<div data-elementor-type=\"wp-page\" data-elementor-id=\"24706\" class=\"elementor elementor-24706\">\n\t\t\t\t\t\t<section class=\"elementor-section elementor-top-section elementor-element elementor-element-b7c912c elementor-section-boxed elementor-section-height-default elementor-section-height-default\" data-id=\"b7c912c\" data-element_type=\"section\">\n\t\t\t\t\t\t<div class=\"elementor-container elementor-column-gap-default\">\n\t\t\t\t\t<div class=\"elementor-column elementor-col-100 elementor-top-column elementor-element elementor-element-554352f\" data-id=\"554352f\" data-element_type=\"column\">\n\t\t\t<div class=\"elementor-widget-wrap elementor-element-populated\">\n\t\t\t\t\t\t<div class=\"elementor-element elementor-element-36ac32d elementor-widget elementor-widget-heading\" data-id=\"36ac32d\" data-element_type=\"widget\" data-widget_type=\"heading.default\">\n\t\t\t\t<div class=\"elementor-widget-container\">\n\t\t\t<h2 class=\"elementor-heading-title elementor-size-default\">Angamardana<\/h2>\t\t<\/div>\n\t\t\t\t<\/div>\n\t\t\t\t<section class=\"elementor-section elementor-inner-section elementor-element elementor-element-5fa4037 elementor-section-boxed elementor-section-height-default elementor-section-height-default\" data-id=\"5fa4037\" data-element_type=\"section\">\n\t\t\t\t\t\t<div class=\"elementor-container elementor-column-gap-default\">\n\t\t\t\t\t<div class=\"elementor-column elementor-col-50 elementor-inner-column elementor-element elementor-element-50d762b\" data-id=\"50d762b\" data-element_type=\"column\">\n\t\t\t<div class=\"elementor-widget-wrap elementor-element-populated\">\n\t\t\t\t\t\t<div class=\"elementor-element elementor-element-568a933 elementor-widget elementor-widget-text-editor\" data-id=\"568a933\" data-element_type=\"widget\" data-widget_type=\"text-editor.default\">\n\t\t\t\t<div class=\"elementor-widget-container\">\n\t\t\t\t\t\t\t<p>A series of 31 dynamic processes, rooted in yoga, to invigorate the body and reach peak physical fitness. Angamardana means gaining complete mastery over the limbs, organs and other parts of the body. It needs no fitness equipment.\u00a0\u00a0<\/p><p>Regular practice of Angamardana improves endurance, strength, cardiac rythm and focus.<\/p><p>Angamardana is one of the main practices teached in <a href=\"https:\/\/isha.sadhguru.org\/sg\/en\/yoga-meditation\/yoga-program-for-beginners\/hatha-yoga\">Isha Hatha Yoga<\/a>.<\/p>\t\t\t\t\t\t<\/div>\n\t\t\t\t<\/div>\n\t\t\t\t<div class=\"elementor-element elementor-element-42cac18 elementor-align-center elementor-widget elementor-widget-button\" data-id=\"42cac18\" data-element_type=\"widget\" data-widget_type=\"button.default\">\n\t\t\t\t<div class=\"elementor-widget-container\">\n\t\t\t\t\t\t\t<div class=\"elementor-button-wrapper\">\n\t\t\t\t\t<a class=\"elementor-button elementor-button-link elementor-size-sm\" href=\"https:\/\/hathalife.fr\/en\/angamardana-processus-debout\/\">\n\t\t\t\t\t\t<span class=\"elementor-button-content-wrapper\">\n\t\t\t\t\t\t\t\t\t<span class=\"elementor-button-text\">Learn Angamardana<\/span>\n\t\t\t\t\t<\/span>\n\t\t\t\t\t<\/a>\n\t\t\t\t<\/div>\n\t\t\t\t\t\t<\/div>\n\t\t\t\t<\/div>\n\t\t\t\t\t<\/div>\n\t\t<\/div>\n\t\t\t\t<div class=\"elementor-column elementor-col-50 elementor-inner-column elementor-element elementor-element-4049969\" data-id=\"4049969\" data-element_type=\"column\">\n\t\t\t<div class=\"elementor-widget-wrap elementor-element-populated\">\n\t\t\t\t\t\t<div class=\"elementor-element elementor-element-7de5054 elementor-widget elementor-widget-image\" data-id=\"7de5054\" data-element_type=\"widget\" data-widget_type=\"image.default\">\n\t\t\t\t<div class=\"elementor-widget-container\">\n\t\t\t\t\t\t\t\t\t\t\t\t\t<img fetchpriority=\"high\" decoding=\"async\" width=\"1024\" height=\"683\" src=\"https:\/\/hathalife.fr\/wp-content\/uploads\/2022\/07\/Promo-PP260-1024x683.jpg\" class=\"attachment-large size-large wp-image-558\" alt=\"\" srcset=\"https:\/\/hathalife.fr\/wp-content\/uploads\/2022\/07\/Promo-PP260-1024x683.jpg 1024w, https:\/\/hathalife.fr\/wp-content\/uploads\/2022\/07\/Promo-PP260-300x200.jpg 300w, https:\/\/hathalife.fr\/wp-content\/uploads\/2022\/07\/Promo-PP260-768x512.jpg 768w, https:\/\/hathalife.fr\/wp-content\/uploads\/2022\/07\/Promo-PP260-1536x1024.jpg 1536w, https:\/\/hathalife.fr\/wp-content\/uploads\/2022\/07\/Promo-PP260.jpg 1920w\" sizes=\"(max-width: 1024px) 100vw, 1024px\" \/>\t\t\t\t\t\t\t\t\t\t\t\t\t<\/div>\n\t\t\t\t<\/div>\n\t\t\t\t\t<\/div>\n\t\t<\/div>\n\t\t\t\t\t<\/div>\n\t\t<\/section>\n\t\t\t\t\t<\/div>\n\t\t<\/div>\n\t\t\t\t\t<\/div>\n\t\t<\/section>\n\t\t\t\t<section class=\"elementor-section elementor-top-section elementor-element elementor-element-7db25e8 elementor-section-boxed elementor-section-height-default elementor-section-height-default\" data-id=\"7db25e8\" data-element_type=\"section\">\n\t\t\t\t\t\t<div class=\"elementor-container elementor-column-gap-default\">\n\t\t\t\t\t<div class=\"elementor-column elementor-col-100 elementor-top-column elementor-element elementor-element-0675b53\" data-id=\"0675b53\" data-element_type=\"column\">\n\t\t\t<div class=\"elementor-widget-wrap elementor-element-populated\">\n\t\t\t\t\t\t<div class=\"elementor-element elementor-element-d5fd2d6 elementor-widget-divider--view-line_text elementor-widget-divider--element-align-center elementor-widget elementor-widget-divider\" data-id=\"d5fd2d6\" data-element_type=\"widget\" data-widget_type=\"divider.default\">\n\t\t\t\t<div class=\"elementor-widget-container\">\n\t\t\t\t\t<div class=\"elementor-divider\">\n\t\t\t<span class=\"elementor-divider-separator\">\n\t\t\t\t\t\t\t<span class=\"elementor-divider__text elementor-divider__element\">\n\t\t\t\tFeatures &amp; Benefits\t\t\t\t<\/span>\n\t\t\t\t\t\t<\/span>\n\t\t<\/div>\n\t\t\t\t<\/div>\n\t\t\t\t<\/div>\n\t\t\t\t<section class=\"elementor-section elementor-inner-section elementor-element elementor-element-0ee8a42 elementor-section-boxed elementor-section-height-default elementor-section-height-default\" data-id=\"0ee8a42\" data-element_type=\"section\">\n\t\t\t\t\t\t<div class=\"elementor-container elementor-column-gap-default\">\n\t\t\t\t\t<div class=\"elementor-column elementor-col-50 elementor-inner-column elementor-element elementor-element-5e9e8ba\" data-id=\"5e9e8ba\" data-element_type=\"column\">\n\t\t\t<div class=\"elementor-widget-wrap elementor-element-populated\">\n\t\t\t\t\t\t<div class=\"elementor-element elementor-element-2928f7e elementor-widget elementor-widget-heading\" data-id=\"2928f7e\" data-element_type=\"widget\" data-widget_type=\"heading.default\">\n\t\t\t\t<div class=\"elementor-widget-container\">\n\t\t\t<h3 class=\"elementor-heading-title elementor-size-default\">Features<\/h3>\t\t<\/div>\n\t\t\t\t<\/div>\n\t\t\t\t<div class=\"elementor-element elementor-element-05d69df elementor-icon-list--layout-traditional elementor-list-item-link-full_width elementor-widget elementor-widget-icon-list\" data-id=\"05d69df\" data-element_type=\"widget\" data-widget_type=\"icon-list.default\">\n\t\t\t\t<div class=\"elementor-widget-container\">\n\t\t\t\t\t<ul class=\"elementor-icon-list-items\">\n\t\t\t\t\t\t\t<li class=\"elementor-icon-list-item\">\n\t\t\t\t\t\t\t\t\t\t\t<span class=\"elementor-icon-list-icon\">\n\t\t\t\t\t\t\t<i aria-hidden=\"true\" class=\"far fa-dot-circle\"><\/i>\t\t\t\t\t\t<\/span>\n\t\t\t\t\t\t\t\t\t\t<span class=\"elementor-icon-list-text\">Age: 8 years and above<\/span>\n\t\t\t\t\t\t\t\t\t<\/li>\n\t\t\t\t\t\t\t\t<li class=\"elementor-icon-list-item\">\n\t\t\t\t\t\t\t\t\t\t\t<span class=\"elementor-icon-list-icon\">\n\t\t\t\t\t\t\t<i aria-hidden=\"true\" class=\"far fa-dot-circle\"><\/i>\t\t\t\t\t\t<\/span>\n\t\t\t\t\t\t\t\t\t\t<span class=\"elementor-icon-list-text\">Intensity: high<\/span>\n\t\t\t\t\t\t\t\t\t<\/li>\n\t\t\t\t\t\t\t\t<li class=\"elementor-icon-list-item\">\n\t\t\t\t\t\t\t\t\t\t\t<span class=\"elementor-icon-list-icon\">\n\t\t\t\t\t\t\t<i aria-hidden=\"true\" class=\"far fa-dot-circle\"><\/i>\t\t\t\t\t\t<\/span>\n\t\t\t\t\t\t\t\t\t\t<span class=\"elementor-icon-list-text\">Practice's duration: 30+ min<\/span>\n\t\t\t\t\t\t\t\t\t<\/li>\n\t\t\t\t\t\t\t\t<li class=\"elementor-icon-list-item\">\n\t\t\t\t\t\t\t\t\t\t\t<span class=\"elementor-icon-list-icon\">\n\t\t\t\t\t\t\t<i aria-hidden=\"true\" class=\"far fa-dot-circle\"><\/i>\t\t\t\t\t\t<\/span>\n\t\t\t\t\t\t\t\t\t\t<span class=\"elementor-icon-list-text\">Workshop's duration: 10h*<\/span>\n\t\t\t\t\t\t\t\t\t<\/li>\n\t\t\t\t\t\t<\/ul>\n\t\t\t\t<\/div>\n\t\t\t\t<\/div>\n\t\t\t\t<div class=\"elementor-element elementor-element-7c69c5c elementor-widget elementor-widget-text-editor\" data-id=\"7c69c5c\" data-element_type=\"widget\" data-widget_type=\"text-editor.default\">\n\t\t\t\t<div class=\"elementor-widget-container\">\n\t\t\t\t\t\t\t<p><span style=\"white-space: pre-wrap;\">*Approx. duration given as an indication, may vary<\/span><\/p>\t\t\t\t\t\t<\/div>\n\t\t\t\t<\/div>\n\t\t\t\t\t<\/div>\n\t\t<\/div>\n\t\t\t\t<div class=\"elementor-column elementor-col-50 elementor-inner-column elementor-element elementor-element-cfbbc01\" data-id=\"cfbbc01\" data-element_type=\"column\">\n\t\t\t<div class=\"elementor-widget-wrap elementor-element-populated\">\n\t\t\t\t\t\t<div class=\"elementor-element elementor-element-7a4ec26 elementor-widget elementor-widget-heading\" data-id=\"7a4ec26\" data-element_type=\"widget\" data-widget_type=\"heading.default\">\n\t\t\t\t<div class=\"elementor-widget-container\">\n\t\t\t<h3 class=\"elementor-heading-title elementor-size-default\">Benefits<\/h3>\t\t<\/div>\n\t\t\t\t<\/div>\n\t\t\t\t<div class=\"elementor-element elementor-element-d1604bc elementor-icon-list--layout-traditional elementor-list-item-link-full_width elementor-widget elementor-widget-icon-list\" data-id=\"d1604bc\" data-element_type=\"widget\" data-widget_type=\"icon-list.default\">\n\t\t\t\t<div class=\"elementor-widget-container\">\n\t\t\t\t\t<ul class=\"elementor-icon-list-items\">\n\t\t\t\t\t\t\t<li class=\"elementor-icon-list-item\">\n\t\t\t\t\t\t\t\t\t\t\t<span class=\"elementor-icon-list-icon\">\n\t\t\t\t\t\t\t<i aria-hidden=\"true\" class=\"far fa-dot-circle\"><\/i>\t\t\t\t\t\t<\/span>\n\t\t\t\t\t\t\t\t\t\t<span class=\"elementor-icon-list-text\">Strengthens the spine, skeletal and muscular systems<\/span>\n\t\t\t\t\t\t\t\t\t<\/li>\n\t\t\t\t\t\t\t\t<li class=\"elementor-icon-list-item\">\n\t\t\t\t\t\t\t\t\t\t\t<span class=\"elementor-icon-list-icon\">\n\t\t\t\t\t\t\t<i aria-hidden=\"true\" class=\"far fa-dot-circle\"><\/i>\t\t\t\t\t\t<\/span>\n\t\t\t\t\t\t\t\t\t\t<span class=\"elementor-icon-list-text\">Builds physical strength, fitness and tenacity<\/span>\n\t\t\t\t\t\t\t\t\t<\/li>\n\t\t\t\t\t\t\t\t<li class=\"elementor-icon-list-item\">\n\t\t\t\t\t\t\t\t\t\t\t<span class=\"elementor-icon-list-icon\">\n\t\t\t\t\t\t\t<i aria-hidden=\"true\" class=\"far fa-dot-circle\"><\/i>\t\t\t\t\t\t<\/span>\n\t\t\t\t\t\t\t\t\t\t<span class=\"elementor-icon-list-text\">Invigorates the body, bringing a sense of lightness and freedom in the body<\/span>\n\t\t\t\t\t\t\t\t\t<\/li>\n\t\t\t\t\t\t\t\t<li class=\"elementor-icon-list-item\">\n\t\t\t\t\t\t\t\t\t\t\t<span class=\"elementor-icon-list-icon\">\n\t\t\t\t\t\t\t<i aria-hidden=\"true\" class=\"far fa-dot-circle\"><\/i>\t\t\t\t\t\t<\/span>\n\t\t\t\t\t\t\t\t\t\t<span class=\"elementor-icon-list-text\">Prepares the body for Hatha Yoga<\/span>\n\t\t\t\t\t\t\t\t\t<\/li>\n\t\t\t\t\t\t<\/ul>\n\t\t\t\t<\/div>\n\t\t\t\t<\/div>\n\t\t\t\t\t<\/div>\n\t\t<\/div>\n\t\t\t\t\t<\/div>\n\t\t<\/section>\n\t\t\t\t<div class=\"elementor-element elementor-element-fc2f34e elementor-widget elementor-widget-spacer\" data-id=\"fc2f34e\" data-element_type=\"widget\" data-widget_type=\"spacer.default\">\n\t\t\t\t<div class=\"elementor-widget-container\">\n\t\t\t\t\t<div class=\"elementor-spacer\">\n\t\t\t<div class=\"elementor-spacer-inner\"><\/div>\n\t\t<\/div>\n\t\t\t\t<\/div>\n\t\t\t\t<\/div>\n\t\t\t\t<div class=\"elementor-element elementor-element-1bacd0d elementor-widget elementor-widget-text-editor\" data-id=\"1bacd0d\" data-element_type=\"widget\" data-widget_type=\"text-editor.default\">\n\t\t\t\t<div class=\"elementor-widget-container\">\n\t\t\t\t\t\t\t<p><strong><em>Angamardana<\/em> must be practiced on empty stomach, this means:<\/strong><br>- 4h after a full meal<br>\u2013\u00a0\u00a0 2h \u00bd after a snack (fruit, biscuit)<br>\u2013\u00a0\u00a0 1h \u00bd after a drink (tea, coffee, milk, fruit juice). This means that, after that, you can drink only water<br>- 10h after alcohol consumption<br>\u2013\u00a0\u00a0 45 min after a cigarette<\/p>\t\t\t\t\t\t<\/div>\n\t\t\t\t<\/div>\n\t\t\t\t\t<\/div>\n\t\t<\/div>\n\t\t\t\t\t<\/div>\n\t\t<\/section>\n\t\t\t\t<section class=\"elementor-section elementor-top-section elementor-element elementor-element-20bc175 elementor-section-boxed elementor-section-height-default elementor-section-height-default\" data-id=\"20bc175\" data-element_type=\"section\">\n\t\t\t\t\t\t<div class=\"elementor-container elementor-column-gap-default\">\n\t\t\t\t\t<div class=\"elementor-column elementor-col-100 elementor-top-column elementor-element elementor-element-8397925\" data-id=\"8397925\" data-element_type=\"column\">\n\t\t\t<div class=\"elementor-widget-wrap elementor-element-populated\">\n\t\t\t\t\t\t<div class=\"elementor-element elementor-element-aa80f3e elementor-widget elementor-widget-spacer\" data-id=\"aa80f3e\" data-element_type=\"widget\" data-widget_type=\"spacer.default\">\n\t\t\t\t<div class=\"elementor-widget-container\">\n\t\t\t\t\t<div class=\"elementor-spacer\">\n\t\t\t<div class=\"elementor-spacer-inner\"><\/div>\n\t\t<\/div>\n\t\t\t\t<\/div>\n\t\t\t\t<\/div>\n\t\t\t\t<div class=\"elementor-element elementor-element-e042b68 elementor-widget elementor-widget-video\" data-id=\"e042b68\" data-element_type=\"widget\" data-settings=\"{&quot;youtube_url&quot;:&quot;https:\\\/\\\/www.youtube.com\\\/watch?v=H1Xg_eHnfmY&amp;t=54s&quot;,&quot;video_type&quot;:&quot;youtube&quot;,&quot;controls&quot;:&quot;yes&quot;}\" data-widget_type=\"video.default\">\n\t\t\t\t<div class=\"elementor-widget-container\">\n\t\t\t\t\t<div class=\"elementor-wrapper elementor-open-inline\">\n\t\t\t<div class=\"elementor-video\"><\/div>\t\t<\/div>\n\t\t\t\t<\/div>\n\t\t\t\t<\/div>\n\t\t\t\t<div class=\"elementor-element elementor-element-0be2f16 elementor-widget elementor-widget-spacer\" data-id=\"0be2f16\" data-element_type=\"widget\" data-widget_type=\"spacer.default\">\n\t\t\t\t<div class=\"elementor-widget-container\">\n\t\t\t\t\t<div class=\"elementor-spacer\">\n\t\t\t<div class=\"elementor-spacer-inner\"><\/div>\n\t\t<\/div>\n\t\t\t\t<\/div>\n\t\t\t\t<\/div>\n\t\t\t\t\t<\/div>\n\t\t<\/div>\n\t\t\t\t\t<\/div>\n\t\t<\/section>\n\t\t\t\t<\/div>","protected":false},"excerpt":{"rendered":"<p>Angamardana Angamardana signifie gagner la ma\u00eetrise compl\u00e8te des membres, des organes et des autres parties du corps. Compos\u00e9e de 31 postures, cette pratique est une forme de Hatha Yoga tr\u00e8s dynamique pour revigorer le corps et atteindre une forme physique maximale.\u00a0\u00a0 Pratiqu\u00e9 r\u00e9guli\u00e8rement, Angamardana permet d\u2019am\u00e9liorer la force, l&rsquo;endurance, le rythme cardiaque et la concentration. [&hellip;]<\/p>","protected":false},"author":1,"featured_media":0,"parent":0,"menu_order":0,"comment_status":"closed","ping_status":"closed","template":"","meta":{"site-sidebar-layout":"no-sidebar","site-content-layout":"page-builder","ast-site-content-layout":"","site-content-style":"default","site-sidebar-style":"default","ast-global-header-display":"","ast-banner-title-visibility":"","ast-main-header-display":"","ast-hfb-above-header-display":"","ast-hfb-below-header-display":"","ast-hfb-mobile-header-display":"","site-post-title":"disabled","ast-breadcrumbs-content":"","ast-featured-img":"disabled","footer-sml-layout":"","theme-transparent-header-meta":"","adv-header-id-meta":"","stick-header-meta":"","header-above-stick-meta":"","header-main-stick-meta":"","header-below-stick-meta":"","astra-migrate-meta-layouts":"default","ast-page-background-enabled":"default","ast-page-background-meta":{"desktop":{"background-color":"","background-image":"","background-repeat":"repeat","background-position":"center center","background-size":"auto","background-attachment":"scroll","background-type":"","background-media":"","overlay-type":"","overlay-color":"","overlay-opacity":"","overlay-gradient":""},"tablet":{"background-color":"","background-image":"","background-repeat":"repeat","background-position":"center center","background-size":"auto","background-attachment":"scroll","background-type":"","background-media":"","overlay-type":"","overlay-color":"","overlay-opacity":"","overlay-gradient":""},"mobile":{"background-color":"","background-image":"","background-repeat":"repeat","background-position":"center center","background-size":"auto","background-attachment":"scroll","background-type":"","background-media":"","overlay-type":"","overlay-color":"","overlay-opacity":"","overlay-gradient":""}},"ast-content-background-meta":{"desktop":{"background-color":"var(--ast-global-color-5)","background-image":"","background-repeat":"repeat","background-position":"center center","background-size":"auto","background-attachment":"scroll","background-type":"","background-media":"","overlay-type":"","overlay-color":"","overlay-opacity":"","overlay-gradient":""},"tablet":{"background-color":"var(--ast-global-color-5)","background-image":"","background-repeat":"repeat","background-position":"center center","background-size":"auto","background-attachment":"scroll","background-type":"","background-media":"","overlay-type":"","overlay-color":"","overlay-opacity":"","overlay-gradient":""},"mobile":{"background-color":"var(--ast-global-color-5)","background-image":"","background-repeat":"repeat","background-position":"center center","background-size":"auto","background-attachment":"scroll","background-type":"","background-media":"","overlay-type":"","overlay-color":"","overlay-opacity":"","overlay-gradient":""}},"footnotes":""},"class_list":["post-24706","page","type-page","status-publish","hentry"],"yoast_head":"<!-- This site is optimized with the Yoast SEO plugin v24.0 - https:\/\/yoast.com\/wordpress\/plugins\/seo\/ -->\n<title>Angamardana - HathaLife<\/title>\n<meta name=\"robots\" content=\"index, follow, max-snippet:-1, max-image-preview:large, max-video-preview:-1\" \/>\n<link rel=\"canonical\" href=\"https:\/\/hathalife.fr\/en\/angamardana\/\" \/>\n<meta property=\"og:locale\" content=\"en_GB\" \/>\n<meta property=\"og:type\" content=\"article\" \/>\n<meta property=\"og:title\" content=\"Angamardana - HathaLife\" \/>\n<meta property=\"og:description\" content=\"Angamardana Angamardana signifie gagner la ma\u00eetrise compl\u00e8te des membres, des organes et des autres parties du corps. Compos\u00e9e de 31 postures, cette pratique est une forme de Hatha Yoga tr\u00e8s dynamique pour revigorer le corps et atteindre une forme physique maximale.\u00a0\u00a0 Pratiqu\u00e9 r\u00e9guli\u00e8rement, Angamardana permet d\u2019am\u00e9liorer la force, l&rsquo;endurance, le rythme cardiaque et la concentration. [&hellip;]\" \/>\n<meta property=\"og:url\" content=\"https:\/\/hathalife.fr\/en\/angamardana\/\" \/>\n<meta property=\"og:site_name\" content=\"HathaLife\" \/>\n<meta property=\"article:modified_time\" content=\"2025-09-14T16:04:19+00:00\" \/>\n<meta property=\"og:image\" content=\"http:\/\/hathalife.fr\/wp-content\/uploads\/2022\/07\/Promo-PP260-1024x683.jpg\" \/>\n<meta name=\"twitter:card\" content=\"summary_large_image\" \/>\n<meta name=\"twitter:label1\" content=\"Estimated reading time\" \/>\n\t<meta name=\"twitter:data1\" content=\"2 minutes\" \/>\n<script type=\"application\/ld+json\" class=\"yoast-schema-graph\">{\"@context\":\"https:\/\/schema.org\",\"@graph\":[{\"@type\":\"WebPage\",\"@id\":\"https:\/\/hathalife.fr\/angamardana\/\",\"url\":\"https:\/\/hathalife.fr\/angamardana\/\",\"name\":\"Angamardana - HathaLife\",\"isPartOf\":{\"@id\":\"https:\/\/hathalife.fr\/#website\"},\"primaryImageOfPage\":{\"@id\":\"https:\/\/hathalife.fr\/angamardana\/#primaryimage\"},\"image\":{\"@id\":\"https:\/\/hathalife.fr\/angamardana\/#primaryimage\"},\"thumbnailUrl\":\"http:\/\/hathalife.fr\/wp-content\/uploads\/2022\/07\/Promo-PP260-1024x683.jpg\",\"datePublished\":\"2022-08-10T15:21:33+00:00\",\"dateModified\":\"2025-09-14T16:04:19+00:00\",\"breadcrumb\":{\"@id\":\"https:\/\/hathalife.fr\/angamardana\/#breadcrumb\"},\"inLanguage\":\"en-GB\",\"potentialAction\":[{\"@type\":\"ReadAction\",\"target\":[\"https:\/\/hathalife.fr\/angamardana\/\"]}]},{\"@type\":\"ImageObject\",\"inLanguage\":\"en-GB\",\"@id\":\"https:\/\/hathalife.fr\/angamardana\/#primaryimage\",\"url\":\"http:\/\/hathalife.fr\/wp-content\/uploads\/2022\/07\/Promo-PP260-1024x683.jpg\",\"contentUrl\":\"http:\/\/hathalife.fr\/wp-content\/uploads\/2022\/07\/Promo-PP260-1024x683.jpg\"},{\"@type\":\"BreadcrumbList\",\"@id\":\"https:\/\/hathalife.fr\/angamardana\/#breadcrumb\",\"itemListElement\":[{\"@type\":\"ListItem\",\"position\":1,\"name\":\"Accueil\",\"item\":\"https:\/\/hathalife.fr\/\"},{\"@type\":\"ListItem\",\"position\":2,\"name\":\"Angamardana\"}]},{\"@type\":\"WebSite\",\"@id\":\"https:\/\/hathalife.fr\/#website\",\"url\":\"https:\/\/hathalife.fr\/\",\"name\":\"HathaLife\",\"description\":\"Cours et Stages de Hatha Yoga\",\"publisher\":{\"@id\":\"https:\/\/hathalife.fr\/#organization\"},\"potentialAction\":[{\"@type\":\"SearchAction\",\"target\":{\"@type\":\"EntryPoint\",\"urlTemplate\":\"https:\/\/hathalife.fr\/?s={search_term_string}\"},\"query-input\":{\"@type\":\"PropertyValueSpecification\",\"valueRequired\":true,\"valueName\":\"search_term_string\"}}],\"inLanguage\":\"en-GB\"},{\"@type\":\"Organization\",\"@id\":\"https:\/\/hathalife.fr\/#organization\",\"name\":\"HathaLife\",\"url\":\"https:\/\/hathalife.fr\/\",\"logo\":{\"@type\":\"ImageObject\",\"inLanguage\":\"en-GB\",\"@id\":\"https:\/\/hathalife.fr\/#\/schema\/logo\/image\/\",\"url\":\"https:\/\/hathalife.fr\/wp-content\/uploads\/2024\/12\/cropped-yoga-3.jpg\",\"contentUrl\":\"https:\/\/hathalife.fr\/wp-content\/uploads\/2024\/12\/cropped-yoga-3.jpg\",\"width\":1600,\"height\":397,\"caption\":\"HathaLife\"},\"image\":{\"@id\":\"https:\/\/hathalife.fr\/#\/schema\/logo\/image\/\"}}]}<\/script>\n<!-- \/ Yoast SEO plugin. -->","yoast_head_json":{"title":"Angamardana - HathaLife","robots":{"index":"index","follow":"follow","max-snippet":"max-snippet:-1","max-image-preview":"max-image-preview:large","max-video-preview":"max-video-preview:-1"},"canonical":"https:\/\/hathalife.fr\/en\/angamardana\/","og_locale":"en_GB","og_type":"article","og_title":"Angamardana - HathaLife","og_description":"Angamardana Angamardana signifie gagner la ma\u00eetrise compl\u00e8te des membres, des organes et des autres parties du corps. Compos\u00e9e de 31 postures, cette pratique est une forme de Hatha Yoga tr\u00e8s dynamique pour revigorer le corps et atteindre une forme physique maximale.\u00a0\u00a0 Pratiqu\u00e9 r\u00e9guli\u00e8rement, Angamardana permet d\u2019am\u00e9liorer la force, l&rsquo;endurance, le rythme cardiaque et la concentration. [&hellip;]","og_url":"https:\/\/hathalife.fr\/en\/angamardana\/","og_site_name":"HathaLife","article_modified_time":"2025-09-14T16:04:19+00:00","og_image":[{"url":"http:\/\/hathalife.fr\/wp-content\/uploads\/2022\/07\/Promo-PP260-1024x683.jpg","type":"","width":"","height":""}],"twitter_card":"summary_large_image","twitter_misc":{"Estimated reading time":"2 minutes"},"schema":{"@context":"https:\/\/schema.org","@graph":[{"@type":"WebPage","@id":"https:\/\/hathalife.fr\/angamardana\/","url":"https:\/\/hathalife.fr\/angamardana\/","name":"Angamardana - HathaLife","isPartOf":{"@id":"https:\/\/hathalife.fr\/#website"},"primaryImageOfPage":{"@id":"https:\/\/hathalife.fr\/angamardana\/#primaryimage"},"image":{"@id":"https:\/\/hathalife.fr\/angamardana\/#primaryimage"},"thumbnailUrl":"http:\/\/hathalife.fr\/wp-content\/uploads\/2022\/07\/Promo-PP260-1024x683.jpg","datePublished":"2022-08-10T15:21:33+00:00","dateModified":"2025-09-14T16:04:19+00:00","breadcrumb":{"@id":"https:\/\/hathalife.fr\/angamardana\/#breadcrumb"},"inLanguage":"en-GB","potentialAction":[{"@type":"ReadAction","target":["https:\/\/hathalife.fr\/angamardana\/"]}]},{"@type":"ImageObject","inLanguage":"en-GB","@id":"https:\/\/hathalife.fr\/angamardana\/#primaryimage","url":"http:\/\/hathalife.fr\/wp-content\/uploads\/2022\/07\/Promo-PP260-1024x683.jpg","contentUrl":"http:\/\/hathalife.fr\/wp-content\/uploads\/2022\/07\/Promo-PP260-1024x683.jpg"},{"@type":"BreadcrumbList","@id":"https:\/\/hathalife.fr\/angamardana\/#breadcrumb","itemListElement":[{"@type":"ListItem","position":1,"name":"Accueil","item":"https:\/\/hathalife.fr\/"},{"@type":"ListItem","position":2,"name":"Angamardana"}]},{"@type":"WebSite","@id":"https:\/\/hathalife.fr\/#website","url":"https:\/\/hathalife.fr\/","name":"HathaLife","description":"Cours et Stages de Hatha Yoga","publisher":{"@id":"https:\/\/hathalife.fr\/#organization"},"potentialAction":[{"@type":"SearchAction","target":{"@type":"EntryPoint","urlTemplate":"https:\/\/hathalife.fr\/?s={search_term_string}"},"query-input":{"@type":"PropertyValueSpecification","valueRequired":true,"valueName":"search_term_string"}}],"inLanguage":"en-GB"},{"@type":"Organization","@id":"https:\/\/hathalife.fr\/#organization","name":"HathaLife","url":"https:\/\/hathalife.fr\/","logo":{"@type":"ImageObject","inLanguage":"en-GB","@id":"https:\/\/hathalife.fr\/#\/schema\/logo\/image\/","url":"https:\/\/hathalife.fr\/wp-content\/uploads\/2024\/12\/cropped-yoga-3.jpg","contentUrl":"https:\/\/hathalife.fr\/wp-content\/uploads\/2024\/12\/cropped-yoga-3.jpg","width":1600,"height":397,"caption":"HathaLife"},"image":{"@id":"https:\/\/hathalife.fr\/#\/schema\/logo\/image\/"}}]}},"_links":{"self":[{"href":"https:\/\/hathalife.fr\/en\/wp-json\/wp\/v2\/pages\/24706","targetHints":{"allow":["GET"]}}],"collection":[{"href":"https:\/\/hathalife.fr\/en\/wp-json\/wp\/v2\/pages"}],"about":[{"href":"https:\/\/hathalife.fr\/en\/wp-json\/wp\/v2\/types\/page"}],"author":[{"embeddable":true,"href":"https:\/\/hathalife.fr\/en\/wp-json\/wp\/v2\/users\/1"}],"replies":[{"embeddable":true,"href":"https:\/\/hathalife.fr\/en\/wp-json\/wp\/v2\/comments?post=24706"}],"version-history":[{"count":70,"href":"https:\/\/hathalife.fr\/en\/wp-json\/wp\/v2\/pages\/24706\/revisions"}],"predecessor-version":[{"id":26721,"href":"https:\/\/hathalife.fr\/en\/wp-json\/wp\/v2\/pages\/24706\/revisions\/26721"}],"wp:attachment":[{"href":"https:\/\/hathalife.fr\/en\/wp-json\/wp\/v2\/media?parent=24706"}],"curies":[{"name":"wp","href":"https:\/\/api.w.org\/{rel}","templated":true}]}}