{"id":24760,"date":"2022-08-11T13:08:02","date_gmt":"2022-08-11T11:08:02","guid":{"rendered":"https:\/\/hathalife.fr\/?page_id=24760"},"modified":"2025-11-27T13:03:35","modified_gmt":"2025-11-27T12:03:35","slug":"yogasanas","status":"publish","type":"page","link":"https:\/\/hathalife.fr\/en\/yogasanas\/","title":{"rendered":"Yogasanas"},"content":{"rendered":"<div data-elementor-type=\"wp-page\" data-elementor-id=\"24760\" class=\"elementor elementor-24760\">\n\t\t\t\t\t\t<section class=\"elementor-section elementor-top-section elementor-element elementor-element-491e31e3 elementor-section-boxed elementor-section-height-default elementor-section-height-default\" data-id=\"491e31e3\" data-element_type=\"section\">\n\t\t\t\t\t\t<div class=\"elementor-container elementor-column-gap-default\">\n\t\t\t\t\t<div class=\"elementor-column elementor-col-100 elementor-top-column elementor-element elementor-element-6e4ad807\" data-id=\"6e4ad807\" data-element_type=\"column\">\n\t\t\t<div class=\"elementor-widget-wrap elementor-element-populated\">\n\t\t\t\t\t\t<div class=\"elementor-element elementor-element-454081c6 elementor-widget elementor-widget-heading\" data-id=\"454081c6\" data-element_type=\"widget\" data-widget_type=\"heading.default\">\n\t\t\t\t<div class=\"elementor-widget-container\">\n\t\t\t<h2 class=\"elementor-heading-title elementor-size-default\">Yogasanas<\/h2>\t\t<\/div>\n\t\t\t\t<\/div>\n\t\t\t\t<section class=\"elementor-section elementor-inner-section elementor-element elementor-element-438f92e0 elementor-section-boxed elementor-section-height-default elementor-section-height-default\" data-id=\"438f92e0\" data-element_type=\"section\">\n\t\t\t\t\t\t<div class=\"elementor-container elementor-column-gap-default\">\n\t\t\t\t\t<div class=\"elementor-column elementor-col-50 elementor-inner-column elementor-element elementor-element-61f131d9\" data-id=\"61f131d9\" data-element_type=\"column\">\n\t\t\t<div class=\"elementor-widget-wrap elementor-element-populated\">\n\t\t\t\t\t\t<div class=\"elementor-element elementor-element-10e41f30 elementor-widget elementor-widget-text-editor\" data-id=\"10e41f30\" data-element_type=\"widget\" data-widget_type=\"text-editor.default\">\n\t\t\t\t<div class=\"elementor-widget-container\">\n\t\t\t\t\t\t\t<p>The word asana literally means a posture. Out of the innumerable asanas a body can assume, 84 have been identified as Yogasanas, through which one can transform the body and mind into a possibility for ultimate well-being. By consciously forming the body into a certain posture, one creates a conducive passage for energy flow that can elevate one\u2019s consciousness.<\/p><p>Hatha Yoga is offered as a set of 21 powerful postures, or yogasanas, to enable the system to sustain higher dimensions of energy. This profound science enhances how one thinks, feels, and experiences life. Isha\u2019s program requires no special physical agility or previous experience of yoga. It is not merely physical exercise, but enables a person to flower into his ultimate potential; to naturally achieve a state of health, joy, and bliss.<\/p>\t\t\t\t\t\t<\/div>\n\t\t\t\t<\/div>\n\t\t\t\t<div class=\"elementor-element elementor-element-623d9d9 elementor-align-center elementor-widget elementor-widget-button\" data-id=\"623d9d9\" data-element_type=\"widget\" data-widget_type=\"button.default\">\n\t\t\t\t<div class=\"elementor-widget-container\">\n\t\t\t\t\t\t\t<div class=\"elementor-button-wrapper\">\n\t\t\t\t\t<a class=\"elementor-button elementor-button-link elementor-size-sm\" href=\"https:\/\/hathalife.fr\/en\/contact\/\">\n\t\t\t\t\t\t<span class=\"elementor-button-content-wrapper\">\n\t\t\t\t\t\t\t\t\t<span class=\"elementor-button-text\">Learn Yogasanas<\/span>\n\t\t\t\t\t<\/span>\n\t\t\t\t\t<\/a>\n\t\t\t\t<\/div>\n\t\t\t\t\t\t<\/div>\n\t\t\t\t<\/div>\n\t\t\t\t<div class=\"elementor-element elementor-element-a24450b elementor-widget elementor-widget-spacer\" data-id=\"a24450b\" data-element_type=\"widget\" data-widget_type=\"spacer.default\">\n\t\t\t\t<div class=\"elementor-widget-container\">\n\t\t\t\t\t<div class=\"elementor-spacer\">\n\t\t\t<div class=\"elementor-spacer-inner\"><\/div>\n\t\t<\/div>\n\t\t\t\t<\/div>\n\t\t\t\t<\/div>\n\t\t\t\t\t<\/div>\n\t\t<\/div>\n\t\t\t\t<div class=\"elementor-column elementor-col-50 elementor-inner-column elementor-element elementor-element-7623d27f\" data-id=\"7623d27f\" data-element_type=\"column\">\n\t\t\t<div class=\"elementor-widget-wrap elementor-element-populated\">\n\t\t\t\t\t\t<div class=\"elementor-element elementor-element-55592e52 elementor-widget elementor-widget-image\" data-id=\"55592e52\" data-element_type=\"widget\" data-widget_type=\"image.default\">\n\t\t\t\t<div class=\"elementor-widget-container\">\n\t\t\t\t\t\t\t\t\t\t\t\t\t<img fetchpriority=\"high\" decoding=\"async\" width=\"1024\" height=\"683\" src=\"https:\/\/hathalife.fr\/wp-content\/uploads\/2022\/07\/Promo-PP057-1024x683.jpg\" class=\"attachment-large size-large wp-image-557\" alt=\"\" srcset=\"https:\/\/hathalife.fr\/wp-content\/uploads\/2022\/07\/Promo-PP057-1024x683.jpg 1024w, https:\/\/hathalife.fr\/wp-content\/uploads\/2022\/07\/Promo-PP057-300x200.jpg 300w, https:\/\/hathalife.fr\/wp-content\/uploads\/2022\/07\/Promo-PP057-768x512.jpg 768w, https:\/\/hathalife.fr\/wp-content\/uploads\/2022\/07\/Promo-PP057-scaled.jpg 2048w\" sizes=\"(max-width: 1024px) 100vw, 1024px\" \/>\t\t\t\t\t\t\t\t\t\t\t\t\t<\/div>\n\t\t\t\t<\/div>\n\t\t\t\t\t<\/div>\n\t\t<\/div>\n\t\t\t\t\t<\/div>\n\t\t<\/section>\n\t\t\t\t\t<\/div>\n\t\t<\/div>\n\t\t\t\t\t<\/div>\n\t\t<\/section>\n\t\t\t\t<section class=\"elementor-section elementor-top-section elementor-element elementor-element-42f718ae elementor-section-boxed elementor-section-height-default elementor-section-height-default\" data-id=\"42f718ae\" data-element_type=\"section\">\n\t\t\t\t\t\t<div class=\"elementor-container elementor-column-gap-default\">\n\t\t\t\t\t<div class=\"elementor-column elementor-col-100 elementor-top-column elementor-element elementor-element-78dd8cbd\" data-id=\"78dd8cbd\" data-element_type=\"column\">\n\t\t\t<div class=\"elementor-widget-wrap elementor-element-populated\">\n\t\t\t\t\t\t<div class=\"elementor-element elementor-element-1a6d8f5 elementor-widget-divider--view-line_text elementor-widget-divider--element-align-center elementor-widget elementor-widget-divider\" data-id=\"1a6d8f5\" data-element_type=\"widget\" data-widget_type=\"divider.default\">\n\t\t\t\t<div class=\"elementor-widget-container\">\n\t\t\t\t\t<div class=\"elementor-divider\">\n\t\t\t<span class=\"elementor-divider-separator\">\n\t\t\t\t\t\t\t<span class=\"elementor-divider__text elementor-divider__element\">\n\t\t\t\tFeatures &amp; Benefits\t\t\t\t<\/span>\n\t\t\t\t\t\t<\/span>\n\t\t<\/div>\n\t\t\t\t<\/div>\n\t\t\t\t<\/div>\n\t\t\t\t<section class=\"elementor-section elementor-inner-section elementor-element elementor-element-3581570a elementor-section-boxed elementor-section-height-default elementor-section-height-default\" data-id=\"3581570a\" data-element_type=\"section\">\n\t\t\t\t\t\t<div class=\"elementor-container elementor-column-gap-default\">\n\t\t\t\t\t<div class=\"elementor-column elementor-col-50 elementor-inner-column elementor-element elementor-element-1ba3f385\" data-id=\"1ba3f385\" data-element_type=\"column\">\n\t\t\t<div class=\"elementor-widget-wrap elementor-element-populated\">\n\t\t\t\t\t\t<div class=\"elementor-element elementor-element-7f1091e1 elementor-widget elementor-widget-heading\" data-id=\"7f1091e1\" data-element_type=\"widget\" data-widget_type=\"heading.default\">\n\t\t\t\t<div class=\"elementor-widget-container\">\n\t\t\t<h3 class=\"elementor-heading-title elementor-size-default\">Features<\/h3>\t\t<\/div>\n\t\t\t\t<\/div>\n\t\t\t\t<div class=\"elementor-element elementor-element-234beac0 elementor-icon-list--layout-traditional elementor-list-item-link-full_width elementor-widget elementor-widget-icon-list\" data-id=\"234beac0\" data-element_type=\"widget\" data-widget_type=\"icon-list.default\">\n\t\t\t\t<div class=\"elementor-widget-container\">\n\t\t\t\t\t<ul class=\"elementor-icon-list-items\">\n\t\t\t\t\t\t\t<li class=\"elementor-icon-list-item\">\n\t\t\t\t\t\t\t\t\t\t\t<span class=\"elementor-icon-list-icon\">\n\t\t\t\t\t\t\t<i aria-hidden=\"true\" class=\"far fa-dot-circle\"><\/i>\t\t\t\t\t\t<\/span>\n\t\t\t\t\t\t\t\t\t\t<span class=\"elementor-icon-list-text\">Age: 14 years and above<\/span>\n\t\t\t\t\t\t\t\t\t<\/li>\n\t\t\t\t\t\t\t\t<li class=\"elementor-icon-list-item\">\n\t\t\t\t\t\t\t\t\t\t\t<span class=\"elementor-icon-list-icon\">\n\t\t\t\t\t\t\t<i aria-hidden=\"true\" class=\"far fa-dot-circle\"><\/i>\t\t\t\t\t\t<\/span>\n\t\t\t\t\t\t\t\t\t\t<span class=\"elementor-icon-list-text\">Intensity: medium<\/span>\n\t\t\t\t\t\t\t\t\t<\/li>\n\t\t\t\t\t\t\t\t<li class=\"elementor-icon-list-item\">\n\t\t\t\t\t\t\t\t\t\t\t<span class=\"elementor-icon-list-icon\">\n\t\t\t\t\t\t\t<i aria-hidden=\"true\" class=\"far fa-dot-circle\"><\/i>\t\t\t\t\t\t<\/span>\n\t\t\t\t\t\t\t\t\t\t<span class=\"elementor-icon-list-text\">Practice's duration: 45+ min<\/span>\n\t\t\t\t\t\t\t\t\t<\/li>\n\t\t\t\t\t\t\t\t<li class=\"elementor-icon-list-item\">\n\t\t\t\t\t\t\t\t\t\t\t<span class=\"elementor-icon-list-icon\">\n\t\t\t\t\t\t\t<i aria-hidden=\"true\" class=\"far fa-dot-circle\"><\/i>\t\t\t\t\t\t<\/span>\n\t\t\t\t\t\t\t\t\t\t<span class=\"elementor-icon-list-text\">Workshop's duration: 12h*<\/span>\n\t\t\t\t\t\t\t\t\t<\/li>\n\t\t\t\t\t\t<\/ul>\n\t\t\t\t<\/div>\n\t\t\t\t<\/div>\n\t\t\t\t<div class=\"elementor-element elementor-element-1c49d0a elementor-widget elementor-widget-text-editor\" data-id=\"1c49d0a\" data-element_type=\"widget\" data-widget_type=\"text-editor.default\">\n\t\t\t\t<div class=\"elementor-widget-container\">\n\t\t\t\t\t\t\t<p>*Approx. duration given as an indication, may vary<\/p>\t\t\t\t\t\t<\/div>\n\t\t\t\t<\/div>\n\t\t\t\t\t<\/div>\n\t\t<\/div>\n\t\t\t\t<div class=\"elementor-column elementor-col-50 elementor-inner-column elementor-element elementor-element-3afa3bb6\" data-id=\"3afa3bb6\" data-element_type=\"column\">\n\t\t\t<div class=\"elementor-widget-wrap elementor-element-populated\">\n\t\t\t\t\t\t<div class=\"elementor-element elementor-element-3dd9ab7e elementor-widget elementor-widget-heading\" data-id=\"3dd9ab7e\" data-element_type=\"widget\" data-widget_type=\"heading.default\">\n\t\t\t\t<div class=\"elementor-widget-container\">\n\t\t\t<h3 class=\"elementor-heading-title elementor-size-default\">Benefits<\/h3>\t\t<\/div>\n\t\t\t\t<\/div>\n\t\t\t\t<div class=\"elementor-element elementor-element-27181aa6 elementor-icon-list--layout-traditional elementor-list-item-link-full_width elementor-widget elementor-widget-icon-list\" data-id=\"27181aa6\" data-element_type=\"widget\" data-widget_type=\"icon-list.default\">\n\t\t\t\t<div class=\"elementor-widget-container\">\n\t\t\t\t\t<ul class=\"elementor-icon-list-items\">\n\t\t\t\t\t\t\t<li class=\"elementor-icon-list-item\">\n\t\t\t\t\t\t\t\t\t\t\t<span class=\"elementor-icon-list-icon\">\n\t\t\t\t\t\t\t<i aria-hidden=\"true\" class=\"far fa-dot-circle\"><\/i>\t\t\t\t\t\t<\/span>\n\t\t\t\t\t\t\t\t\t\t<span class=\"elementor-icon-list-text\">Relief of chronic health conditions<\/span>\n\t\t\t\t\t\t\t\t\t<\/li>\n\t\t\t\t\t\t\t\t<li class=\"elementor-icon-list-item\">\n\t\t\t\t\t\t\t\t\t\t\t<span class=\"elementor-icon-list-icon\">\n\t\t\t\t\t\t\t<i aria-hidden=\"true\" class=\"far fa-dot-circle\"><\/i>\t\t\t\t\t\t<\/span>\n\t\t\t\t\t\t\t\t\t\t<span class=\"elementor-icon-list-text\">Stabilization of the body, mind and energy system<\/span>\n\t\t\t\t\t\t\t\t\t<\/li>\n\t\t\t\t\t\t\t\t<li class=\"elementor-icon-list-item\">\n\t\t\t\t\t\t\t\t\t\t\t<span class=\"elementor-icon-list-icon\">\n\t\t\t\t\t\t\t<i aria-hidden=\"true\" class=\"far fa-dot-circle\"><\/i>\t\t\t\t\t\t<\/span>\n\t\t\t\t\t\t\t\t\t\t<span class=\"elementor-icon-list-text\">Elevate one's consciousness<\/span>\n\t\t\t\t\t\t\t\t\t<\/li>\n\t\t\t\t\t\t\t\t<li class=\"elementor-icon-list-item\">\n\t\t\t\t\t\t\t\t\t\t\t<span class=\"elementor-icon-list-icon\">\n\t\t\t\t\t\t\t<i aria-hidden=\"true\" class=\"far fa-dot-circle\"><\/i>\t\t\t\t\t\t<\/span>\n\t\t\t\t\t\t\t\t\t\t<span class=\"elementor-icon-list-text\">Deceleration of the aging process<\/span>\n\t\t\t\t\t\t\t\t\t<\/li>\n\t\t\t\t\t\t<\/ul>\n\t\t\t\t<\/div>\n\t\t\t\t<\/div>\n\t\t\t\t\t<\/div>\n\t\t<\/div>\n\t\t\t\t\t<\/div>\n\t\t<\/section>\n\t\t\t\t<div class=\"elementor-element elementor-element-9ae2eed elementor-widget elementor-widget-spacer\" data-id=\"9ae2eed\" data-element_type=\"widget\" data-widget_type=\"spacer.default\">\n\t\t\t\t<div class=\"elementor-widget-container\">\n\t\t\t\t\t<div class=\"elementor-spacer\">\n\t\t\t<div class=\"elementor-spacer-inner\"><\/div>\n\t\t<\/div>\n\t\t\t\t<\/div>\n\t\t\t\t<\/div>\n\t\t\t\t<div class=\"elementor-element elementor-element-d9ff80b elementor-widget elementor-widget-text-editor\" data-id=\"d9ff80b\" data-element_type=\"widget\" data-widget_type=\"text-editor.default\">\n\t\t\t\t<div class=\"elementor-widget-container\">\n\t\t\t\t\t\t\t<p><strong><em>Yogasanas<\/em> must be practiced on empty stomach, this means:<\/strong><br>- 4h after a full meal<br>\u2013\u00a0\u00a0 2h \u00bd after a snack (fruit, biscuit)<br>\u2013\u00a0\u00a0 1h \u00bd after a drink (tea, coffee, milk, fruit juice). This means that, after that, you can drink only water<br>- 10h after alcohol consumption<br>\u2013\u00a0\u00a0 45 min after a cigarette<\/p>\t\t\t\t\t\t<\/div>\n\t\t\t\t<\/div>\n\t\t\t\t<div class=\"elementor-element elementor-element-cb6d867 elementor-widget elementor-widget-spacer\" data-id=\"cb6d867\" data-element_type=\"widget\" data-widget_type=\"spacer.default\">\n\t\t\t\t<div class=\"elementor-widget-container\">\n\t\t\t\t\t<div class=\"elementor-spacer\">\n\t\t\t<div class=\"elementor-spacer-inner\"><\/div>\n\t\t<\/div>\n\t\t\t\t<\/div>\n\t\t\t\t<\/div>\n\t\t\t\t\t<\/div>\n\t\t<\/div>\n\t\t\t\t\t<\/div>\n\t\t<\/section>\n\t\t\t\t<section class=\"elementor-section elementor-top-section elementor-element elementor-element-362724b4 elementor-section-boxed elementor-section-height-default elementor-section-height-default\" data-id=\"362724b4\" data-element_type=\"section\">\n\t\t\t\t\t\t<div class=\"elementor-container elementor-column-gap-default\">\n\t\t\t\t\t<div class=\"elementor-column elementor-col-100 elementor-top-column elementor-element elementor-element-13d890e6\" data-id=\"13d890e6\" data-element_type=\"column\">\n\t\t\t<div class=\"elementor-widget-wrap elementor-element-populated\">\n\t\t\t\t\t\t<div class=\"elementor-element elementor-element-1ecf755c elementor-widget elementor-widget-video\" data-id=\"1ecf755c\" data-element_type=\"widget\" data-settings=\"{&quot;youtube_url&quot;:&quot;https:\\\/\\\/youtu.be\\\/24KTmB_JXfg&quot;,&quot;video_type&quot;:&quot;youtube&quot;,&quot;controls&quot;:&quot;yes&quot;}\" data-widget_type=\"video.default\">\n\t\t\t\t<div class=\"elementor-widget-container\">\n\t\t\t\t\t<div class=\"elementor-wrapper elementor-open-inline\">\n\t\t\t<div class=\"elementor-video\"><\/div>\t\t<\/div>\n\t\t\t\t<\/div>\n\t\t\t\t<\/div>\n\t\t\t\t<div class=\"elementor-element elementor-element-cb26201 elementor-widget elementor-widget-spacer\" data-id=\"cb26201\" data-element_type=\"widget\" data-widget_type=\"spacer.default\">\n\t\t\t\t<div class=\"elementor-widget-container\">\n\t\t\t\t\t<div class=\"elementor-spacer\">\n\t\t\t<div class=\"elementor-spacer-inner\"><\/div>\n\t\t<\/div>\n\t\t\t\t<\/div>\n\t\t\t\t<\/div>\n\t\t\t\t\t<\/div>\n\t\t<\/div>\n\t\t\t\t\t<\/div>\n\t\t<\/section>\n\t\t\t\t<\/div>","protected":false},"excerpt":{"rendered":"<p>Yogasanas Le mot \u201casana\u201d signifie litt\u00e9ralement une posture. Parmi les innombrables asanas qu&rsquo;un corps peut adopter, 84 ont \u00e9t\u00e9 identifi\u00e9s comme des yogasanas, gr\u00e2ce auxquels on peut transformer le corps et l&rsquo;esprit en une possibilit\u00e9 de bien-\u00eatre ultime. En mettant consciemment le corps dans une certaine posture, on cr\u00e9e un passage propice au flux d&rsquo;\u00e9nergie [&hellip;]<\/p>","protected":false},"author":1,"featured_media":0,"parent":0,"menu_order":0,"comment_status":"closed","ping_status":"closed","template":"","meta":{"site-sidebar-layout":"no-sidebar","site-content-layout":"page-builder","ast-site-content-layout":"","site-content-style":"default","site-sidebar-style":"default","ast-global-header-display":"","ast-banner-title-visibility":"","ast-main-header-display":"","ast-hfb-above-header-display":"","ast-hfb-below-header-display":"","ast-hfb-mobile-header-display":"","site-post-title":"disabled","ast-breadcrumbs-content":"","ast-featured-img":"disabled","footer-sml-layout":"","theme-transparent-header-meta":"","adv-header-id-meta":"","stick-header-meta":"","header-above-stick-meta":"","header-main-stick-meta":"","header-below-stick-meta":"","astra-migrate-meta-layouts":"default","ast-page-background-enabled":"default","ast-page-background-meta":{"desktop":{"background-color":"","background-image":"","background-repeat":"repeat","background-position":"center center","background-size":"auto","background-attachment":"scroll","background-type":"","background-media":"","overlay-type":"","overlay-color":"","overlay-opacity":"","overlay-gradient":""},"tablet":{"background-color":"","background-image":"","background-repeat":"repeat","background-position":"center center","background-size":"auto","background-attachment":"scroll","background-type":"","background-media":"","overlay-type":"","overlay-color":"","overlay-opacity":"","overlay-gradient":""},"mobile":{"background-color":"","background-image":"","background-repeat":"repeat","background-position":"center center","background-size":"auto","background-attachment":"scroll","background-type":"","background-media":"","overlay-type":"","overlay-color":"","overlay-opacity":"","overlay-gradient":""}},"ast-content-background-meta":{"desktop":{"background-color":"var(--ast-global-color-5)","background-image":"","background-repeat":"repeat","background-position":"center center","background-size":"auto","background-attachment":"scroll","background-type":"","background-media":"","overlay-type":"","overlay-color":"","overlay-opacity":"","overlay-gradient":""},"tablet":{"background-color":"var(--ast-global-color-5)","background-image":"","background-repeat":"repeat","background-position":"center center","background-size":"auto","background-attachment":"scroll","background-type":"","background-media":"","overlay-type":"","overlay-color":"","overlay-opacity":"","overlay-gradient":""},"mobile":{"background-color":"var(--ast-global-color-5)","background-image":"","background-repeat":"repeat","background-position":"center center","background-size":"auto","background-attachment":"scroll","background-type":"","background-media":"","overlay-type":"","overlay-color":"","overlay-opacity":"","overlay-gradient":""}},"footnotes":""},"class_list":["post-24760","page","type-page","status-publish","hentry"],"yoast_head":"<!-- This site is optimized with the Yoast SEO plugin v24.0 - https:\/\/yoast.com\/wordpress\/plugins\/seo\/ -->\n<title>Yogasanas - HathaLife<\/title>\n<meta name=\"robots\" content=\"index, follow, max-snippet:-1, max-image-preview:large, max-video-preview:-1\" \/>\n<link rel=\"canonical\" href=\"https:\/\/hathalife.fr\/en\/yogasanas\/\" \/>\n<meta property=\"og:locale\" content=\"en_GB\" \/>\n<meta property=\"og:type\" content=\"article\" \/>\n<meta property=\"og:title\" content=\"Yogasanas - HathaLife\" \/>\n<meta property=\"og:description\" content=\"Yogasanas Le mot \u201casana\u201d signifie litt\u00e9ralement une posture. Parmi les innombrables asanas qu&rsquo;un corps peut adopter, 84 ont \u00e9t\u00e9 identifi\u00e9s comme des yogasanas, gr\u00e2ce auxquels on peut transformer le corps et l&rsquo;esprit en une possibilit\u00e9 de bien-\u00eatre ultime. En mettant consciemment le corps dans une certaine posture, on cr\u00e9e un passage propice au flux d&rsquo;\u00e9nergie [&hellip;]\" \/>\n<meta property=\"og:url\" content=\"https:\/\/hathalife.fr\/en\/yogasanas\/\" \/>\n<meta property=\"og:site_name\" content=\"HathaLife\" \/>\n<meta property=\"article:modified_time\" content=\"2025-11-27T12:03:35+00:00\" \/>\n<meta property=\"og:image\" content=\"http:\/\/hathalife.fr\/wp-content\/uploads\/2022\/07\/Promo-PP057-1024x683.jpg\" \/>\n<meta name=\"twitter:card\" content=\"summary_large_image\" \/>\n<meta name=\"twitter:label1\" content=\"Estimated reading time\" \/>\n\t<meta name=\"twitter:data1\" content=\"2 minutes\" \/>\n<script type=\"application\/ld+json\" class=\"yoast-schema-graph\">{\"@context\":\"https:\/\/schema.org\",\"@graph\":[{\"@type\":\"WebPage\",\"@id\":\"https:\/\/hathalife.fr\/yogasanas\/\",\"url\":\"https:\/\/hathalife.fr\/yogasanas\/\",\"name\":\"Yogasanas - HathaLife\",\"isPartOf\":{\"@id\":\"https:\/\/hathalife.fr\/#website\"},\"primaryImageOfPage\":{\"@id\":\"https:\/\/hathalife.fr\/yogasanas\/#primaryimage\"},\"image\":{\"@id\":\"https:\/\/hathalife.fr\/yogasanas\/#primaryimage\"},\"thumbnailUrl\":\"http:\/\/hathalife.fr\/wp-content\/uploads\/2022\/07\/Promo-PP057-1024x683.jpg\",\"datePublished\":\"2022-08-11T11:08:02+00:00\",\"dateModified\":\"2025-11-27T12:03:35+00:00\",\"breadcrumb\":{\"@id\":\"https:\/\/hathalife.fr\/yogasanas\/#breadcrumb\"},\"inLanguage\":\"en-GB\",\"potentialAction\":[{\"@type\":\"ReadAction\",\"target\":[\"https:\/\/hathalife.fr\/yogasanas\/\"]}]},{\"@type\":\"ImageObject\",\"inLanguage\":\"en-GB\",\"@id\":\"https:\/\/hathalife.fr\/yogasanas\/#primaryimage\",\"url\":\"http:\/\/hathalife.fr\/wp-content\/uploads\/2022\/07\/Promo-PP057-1024x683.jpg\",\"contentUrl\":\"http:\/\/hathalife.fr\/wp-content\/uploads\/2022\/07\/Promo-PP057-1024x683.jpg\"},{\"@type\":\"BreadcrumbList\",\"@id\":\"https:\/\/hathalife.fr\/yogasanas\/#breadcrumb\",\"itemListElement\":[{\"@type\":\"ListItem\",\"position\":1,\"name\":\"Accueil\",\"item\":\"https:\/\/hathalife.fr\/\"},{\"@type\":\"ListItem\",\"position\":2,\"name\":\"Yogasanas\"}]},{\"@type\":\"WebSite\",\"@id\":\"https:\/\/hathalife.fr\/#website\",\"url\":\"https:\/\/hathalife.fr\/\",\"name\":\"HathaLife\",\"description\":\"Cours et Stages de Hatha Yoga\",\"publisher\":{\"@id\":\"https:\/\/hathalife.fr\/#organization\"},\"potentialAction\":[{\"@type\":\"SearchAction\",\"target\":{\"@type\":\"EntryPoint\",\"urlTemplate\":\"https:\/\/hathalife.fr\/?s={search_term_string}\"},\"query-input\":{\"@type\":\"PropertyValueSpecification\",\"valueRequired\":true,\"valueName\":\"search_term_string\"}}],\"inLanguage\":\"en-GB\"},{\"@type\":\"Organization\",\"@id\":\"https:\/\/hathalife.fr\/#organization\",\"name\":\"HathaLife\",\"url\":\"https:\/\/hathalife.fr\/\",\"logo\":{\"@type\":\"ImageObject\",\"inLanguage\":\"en-GB\",\"@id\":\"https:\/\/hathalife.fr\/#\/schema\/logo\/image\/\",\"url\":\"https:\/\/hathalife.fr\/wp-content\/uploads\/2024\/12\/cropped-yoga-3.jpg\",\"contentUrl\":\"https:\/\/hathalife.fr\/wp-content\/uploads\/2024\/12\/cropped-yoga-3.jpg\",\"width\":1600,\"height\":397,\"caption\":\"HathaLife\"},\"image\":{\"@id\":\"https:\/\/hathalife.fr\/#\/schema\/logo\/image\/\"}}]}<\/script>\n<!-- \/ Yoast SEO plugin. -->","yoast_head_json":{"title":"Yogasanas - HathaLife","robots":{"index":"index","follow":"follow","max-snippet":"max-snippet:-1","max-image-preview":"max-image-preview:large","max-video-preview":"max-video-preview:-1"},"canonical":"https:\/\/hathalife.fr\/en\/yogasanas\/","og_locale":"en_GB","og_type":"article","og_title":"Yogasanas - HathaLife","og_description":"Yogasanas Le mot \u201casana\u201d signifie litt\u00e9ralement une posture. Parmi les innombrables asanas qu&rsquo;un corps peut adopter, 84 ont \u00e9t\u00e9 identifi\u00e9s comme des yogasanas, gr\u00e2ce auxquels on peut transformer le corps et l&rsquo;esprit en une possibilit\u00e9 de bien-\u00eatre ultime. En mettant consciemment le corps dans une certaine posture, on cr\u00e9e un passage propice au flux d&rsquo;\u00e9nergie [&hellip;]","og_url":"https:\/\/hathalife.fr\/en\/yogasanas\/","og_site_name":"HathaLife","article_modified_time":"2025-11-27T12:03:35+00:00","og_image":[{"url":"http:\/\/hathalife.fr\/wp-content\/uploads\/2022\/07\/Promo-PP057-1024x683.jpg","type":"","width":"","height":""}],"twitter_card":"summary_large_image","twitter_misc":{"Estimated reading time":"2 minutes"},"schema":{"@context":"https:\/\/schema.org","@graph":[{"@type":"WebPage","@id":"https:\/\/hathalife.fr\/yogasanas\/","url":"https:\/\/hathalife.fr\/yogasanas\/","name":"Yogasanas - HathaLife","isPartOf":{"@id":"https:\/\/hathalife.fr\/#website"},"primaryImageOfPage":{"@id":"https:\/\/hathalife.fr\/yogasanas\/#primaryimage"},"image":{"@id":"https:\/\/hathalife.fr\/yogasanas\/#primaryimage"},"thumbnailUrl":"http:\/\/hathalife.fr\/wp-content\/uploads\/2022\/07\/Promo-PP057-1024x683.jpg","datePublished":"2022-08-11T11:08:02+00:00","dateModified":"2025-11-27T12:03:35+00:00","breadcrumb":{"@id":"https:\/\/hathalife.fr\/yogasanas\/#breadcrumb"},"inLanguage":"en-GB","potentialAction":[{"@type":"ReadAction","target":["https:\/\/hathalife.fr\/yogasanas\/"]}]},{"@type":"ImageObject","inLanguage":"en-GB","@id":"https:\/\/hathalife.fr\/yogasanas\/#primaryimage","url":"http:\/\/hathalife.fr\/wp-content\/uploads\/2022\/07\/Promo-PP057-1024x683.jpg","contentUrl":"http:\/\/hathalife.fr\/wp-content\/uploads\/2022\/07\/Promo-PP057-1024x683.jpg"},{"@type":"BreadcrumbList","@id":"https:\/\/hathalife.fr\/yogasanas\/#breadcrumb","itemListElement":[{"@type":"ListItem","position":1,"name":"Accueil","item":"https:\/\/hathalife.fr\/"},{"@type":"ListItem","position":2,"name":"Yogasanas"}]},{"@type":"WebSite","@id":"https:\/\/hathalife.fr\/#website","url":"https:\/\/hathalife.fr\/","name":"HathaLife","description":"Cours et Stages de Hatha Yoga","publisher":{"@id":"https:\/\/hathalife.fr\/#organization"},"potentialAction":[{"@type":"SearchAction","target":{"@type":"EntryPoint","urlTemplate":"https:\/\/hathalife.fr\/?s={search_term_string}"},"query-input":{"@type":"PropertyValueSpecification","valueRequired":true,"valueName":"search_term_string"}}],"inLanguage":"en-GB"},{"@type":"Organization","@id":"https:\/\/hathalife.fr\/#organization","name":"HathaLife","url":"https:\/\/hathalife.fr\/","logo":{"@type":"ImageObject","inLanguage":"en-GB","@id":"https:\/\/hathalife.fr\/#\/schema\/logo\/image\/","url":"https:\/\/hathalife.fr\/wp-content\/uploads\/2024\/12\/cropped-yoga-3.jpg","contentUrl":"https:\/\/hathalife.fr\/wp-content\/uploads\/2024\/12\/cropped-yoga-3.jpg","width":1600,"height":397,"caption":"HathaLife"},"image":{"@id":"https:\/\/hathalife.fr\/#\/schema\/logo\/image\/"}}]}},"_links":{"self":[{"href":"https:\/\/hathalife.fr\/en\/wp-json\/wp\/v2\/pages\/24760","targetHints":{"allow":["GET"]}}],"collection":[{"href":"https:\/\/hathalife.fr\/en\/wp-json\/wp\/v2\/pages"}],"about":[{"href":"https:\/\/hathalife.fr\/en\/wp-json\/wp\/v2\/types\/page"}],"author":[{"embeddable":true,"href":"https:\/\/hathalife.fr\/en\/wp-json\/wp\/v2\/users\/1"}],"replies":[{"embeddable":true,"href":"https:\/\/hathalife.fr\/en\/wp-json\/wp\/v2\/comments?post=24760"}],"version-history":[{"count":25,"href":"https:\/\/hathalife.fr\/en\/wp-json\/wp\/v2\/pages\/24760\/revisions"}],"predecessor-version":[{"id":26763,"href":"https:\/\/hathalife.fr\/en\/wp-json\/wp\/v2\/pages\/24760\/revisions\/26763"}],"wp:attachment":[{"href":"https:\/\/hathalife.fr\/en\/wp-json\/wp\/v2\/media?parent=24760"}],"curies":[{"name":"wp","href":"https:\/\/api.w.org\/{rel}","templated":true}]}}