{"id":24848,"date":"2022-08-11T23:07:22","date_gmt":"2022-08-11T21:07:22","guid":{"rendered":"https:\/\/hathalife.fr\/?page_id=24848"},"modified":"2023-06-06T21:08:56","modified_gmt":"2023-06-06T19:08:56","slug":"surya-shakti","status":"publish","type":"page","link":"https:\/\/hathalife.fr\/en\/surya-shakti\/","title":{"rendered":"Surya Shakti"},"content":{"rendered":"<div data-elementor-type=\"wp-page\" data-elementor-id=\"24848\" class=\"elementor elementor-24848\">\n\t\t\t\t\t\t<section class=\"elementor-section elementor-top-section elementor-element elementor-element-320770b4 elementor-section-boxed elementor-section-height-default elementor-section-height-default\" data-id=\"320770b4\" data-element_type=\"section\">\n\t\t\t\t\t\t<div class=\"elementor-container elementor-column-gap-default\">\n\t\t\t\t\t<div class=\"elementor-column elementor-col-100 elementor-top-column elementor-element elementor-element-1517b12b\" data-id=\"1517b12b\" data-element_type=\"column\">\n\t\t\t<div class=\"elementor-widget-wrap elementor-element-populated\">\n\t\t\t\t\t\t<div class=\"elementor-element elementor-element-e9eda88 elementor-widget elementor-widget-heading\" data-id=\"e9eda88\" data-element_type=\"widget\" data-widget_type=\"heading.default\">\n\t\t\t\t<div class=\"elementor-widget-container\">\n\t\t\t<h2 class=\"elementor-heading-title elementor-size-default\">Surya Shakti<\/h2>\t\t<\/div>\n\t\t\t\t<\/div>\n\t\t\t\t<section class=\"elementor-section elementor-inner-section elementor-element elementor-element-5cc13f7d elementor-section-boxed elementor-section-height-default elementor-section-height-default\" data-id=\"5cc13f7d\" data-element_type=\"section\">\n\t\t\t\t\t\t<div class=\"elementor-container elementor-column-gap-default\">\n\t\t\t\t\t<div class=\"elementor-column elementor-col-50 elementor-inner-column elementor-element elementor-element-3a3b40c3\" data-id=\"3a3b40c3\" data-element_type=\"column\">\n\t\t\t<div class=\"elementor-widget-wrap elementor-element-populated\">\n\t\t\t\t\t\t<div class=\"elementor-element elementor-element-73795eb6 elementor-widget elementor-widget-text-editor\" data-id=\"73795eb6\" data-element_type=\"widget\" data-widget_type=\"text-editor.default\">\n\t\t\t\t<div class=\"elementor-widget-container\">\n\t\t\t\t\t\t\t<p>Surya Shakti is a dynamic form of the Sun Salutation and <a href=\"https:\/\/hathalife.fr\/en\/surya-kriya\/\">Surya Kriya<\/a>. C<span style=\"font-style: inherit; font-weight: inherit; background-color: var(--ast-global-color-4); color: var(--ast-global-color-3);\">omposed of 18 postures, this practice is a complete physical training that invigorates the body and mind, strengthens the spine and provides a feeling of well-being<\/span><span style=\"background-color: var(--ast-global-color-4); color: var(--ast-global-color-3); font-style: inherit; font-weight: inherit;\">.<\/span><\/p>\n<p><span style=\"background-color: var(--ast-global-color-4); color: var(--ast-global-color-3); font-style: inherit; font-weight: inherit;\">During this workshop we will break down the sequences of Surya Shakti in order to learn each movement and understand the correct alignments, paying particular attention to breath and movement coordination.  Following this workshop, you will be able to continue practicing Surya Shakti independently at home and even while traveling.<\/span><\/p>\t\t\t\t\t\t<\/div>\n\t\t\t\t<\/div>\n\t\t\t\t<div class=\"elementor-element elementor-element-06c3893 elementor-align-center elementor-widget elementor-widget-button\" data-id=\"06c3893\" data-element_type=\"widget\" data-widget_type=\"button.default\">\n\t\t\t\t<div class=\"elementor-widget-container\">\n\t\t\t\t\t\t\t<div class=\"elementor-button-wrapper\">\n\t\t\t\t\t<a class=\"elementor-button elementor-button-link elementor-size-sm\" href=\"https:\/\/hathalife.fr\/index.php\/cours-et-stages\/\">\n\t\t\t\t\t\t<span class=\"elementor-button-content-wrapper\">\n\t\t\t\t\t\t\t\t\t<span class=\"elementor-button-text\">Learn Surya Shakti<\/span>\n\t\t\t\t\t<\/span>\n\t\t\t\t\t<\/a>\n\t\t\t\t<\/div>\n\t\t\t\t\t\t<\/div>\n\t\t\t\t<\/div>\n\t\t\t\t\t<\/div>\n\t\t<\/div>\n\t\t\t\t<div class=\"elementor-column elementor-col-50 elementor-inner-column elementor-element elementor-element-70c2f09\" data-id=\"70c2f09\" data-element_type=\"column\">\n\t\t\t<div class=\"elementor-widget-wrap elementor-element-populated\">\n\t\t\t\t\t\t<div class=\"elementor-element elementor-element-5ceb3e4c elementor-widget elementor-widget-image\" data-id=\"5ceb3e4c\" data-element_type=\"widget\" data-widget_type=\"image.default\">\n\t\t\t\t<div class=\"elementor-widget-container\">\n\t\t\t\t\t\t\t\t\t\t\t\t\t<img fetchpriority=\"high\" decoding=\"async\" width=\"1024\" height=\"683\" src=\"https:\/\/hathalife.fr\/wp-content\/uploads\/2022\/08\/Promo-PP055-1024x683.jpg\" class=\"attachment-large size-large wp-image-24857\" alt=\"\" srcset=\"https:\/\/hathalife.fr\/wp-content\/uploads\/2022\/08\/Promo-PP055-1024x683.jpg 1024w, https:\/\/hathalife.fr\/wp-content\/uploads\/2022\/08\/Promo-PP055-300x200.jpg 300w, https:\/\/hathalife.fr\/wp-content\/uploads\/2022\/08\/Promo-PP055-768x512.jpg 768w, https:\/\/hathalife.fr\/wp-content\/uploads\/2022\/08\/Promo-PP055-scaled.jpg 2048w\" sizes=\"(max-width: 1024px) 100vw, 1024px\" \/>\t\t\t\t\t\t\t\t\t\t\t\t\t<\/div>\n\t\t\t\t<\/div>\n\t\t\t\t\t<\/div>\n\t\t<\/div>\n\t\t\t\t\t<\/div>\n\t\t<\/section>\n\t\t\t\t\t<\/div>\n\t\t<\/div>\n\t\t\t\t\t<\/div>\n\t\t<\/section>\n\t\t\t\t<section class=\"elementor-section elementor-top-section elementor-element elementor-element-26b91464 elementor-section-boxed elementor-section-height-default elementor-section-height-default\" data-id=\"26b91464\" data-element_type=\"section\">\n\t\t\t\t\t\t<div class=\"elementor-container elementor-column-gap-default\">\n\t\t\t\t\t<div class=\"elementor-column elementor-col-100 elementor-top-column elementor-element elementor-element-1b9266e3\" data-id=\"1b9266e3\" data-element_type=\"column\">\n\t\t\t<div class=\"elementor-widget-wrap elementor-element-populated\">\n\t\t\t\t\t\t<div class=\"elementor-element elementor-element-7dfe8366 elementor-widget-divider--view-line_text elementor-widget-divider--element-align-center elementor-widget elementor-widget-divider\" data-id=\"7dfe8366\" data-element_type=\"widget\" data-widget_type=\"divider.default\">\n\t\t\t\t<div class=\"elementor-widget-container\">\n\t\t\t\t\t<div class=\"elementor-divider\">\n\t\t\t<span class=\"elementor-divider-separator\">\n\t\t\t\t\t\t\t<span class=\"elementor-divider__text elementor-divider__element\">\n\t\t\t\tFeatures &amp; Benefits\t\t\t\t<\/span>\n\t\t\t\t\t\t<\/span>\n\t\t<\/div>\n\t\t\t\t<\/div>\n\t\t\t\t<\/div>\n\t\t\t\t<section class=\"elementor-section elementor-inner-section elementor-element elementor-element-1d0d1853 elementor-section-boxed elementor-section-height-default elementor-section-height-default\" data-id=\"1d0d1853\" data-element_type=\"section\">\n\t\t\t\t\t\t<div class=\"elementor-container elementor-column-gap-default\">\n\t\t\t\t\t<div class=\"elementor-column elementor-col-50 elementor-inner-column elementor-element elementor-element-7dd99fae\" data-id=\"7dd99fae\" data-element_type=\"column\">\n\t\t\t<div class=\"elementor-widget-wrap elementor-element-populated\">\n\t\t\t\t\t\t<div class=\"elementor-element elementor-element-326af50c elementor-widget elementor-widget-heading\" data-id=\"326af50c\" data-element_type=\"widget\" data-widget_type=\"heading.default\">\n\t\t\t\t<div class=\"elementor-widget-container\">\n\t\t\t<h3 class=\"elementor-heading-title elementor-size-default\">Features<\/h3>\t\t<\/div>\n\t\t\t\t<\/div>\n\t\t\t\t<div class=\"elementor-element elementor-element-35002be5 elementor-icon-list--layout-traditional elementor-list-item-link-full_width elementor-widget elementor-widget-icon-list\" data-id=\"35002be5\" data-element_type=\"widget\" data-widget_type=\"icon-list.default\">\n\t\t\t\t<div class=\"elementor-widget-container\">\n\t\t\t\t\t<ul class=\"elementor-icon-list-items\">\n\t\t\t\t\t\t\t<li class=\"elementor-icon-list-item\">\n\t\t\t\t\t\t\t\t\t\t\t<span class=\"elementor-icon-list-icon\">\n\t\t\t\t\t\t\t<i aria-hidden=\"true\" class=\"far fa-dot-circle\"><\/i>\t\t\t\t\t\t<\/span>\n\t\t\t\t\t\t\t\t\t\t<span class=\"elementor-icon-list-text\">Age: 8 years and above<\/span>\n\t\t\t\t\t\t\t\t\t<\/li>\n\t\t\t\t\t\t\t\t<li class=\"elementor-icon-list-item\">\n\t\t\t\t\t\t\t\t\t\t\t<span class=\"elementor-icon-list-icon\">\n\t\t\t\t\t\t\t<i aria-hidden=\"true\" class=\"far fa-dot-circle\"><\/i>\t\t\t\t\t\t<\/span>\n\t\t\t\t\t\t\t\t\t\t<span class=\"elementor-icon-list-text\">Intensity: medium<\/span>\n\t\t\t\t\t\t\t\t\t<\/li>\n\t\t\t\t\t\t\t\t<li class=\"elementor-icon-list-item\">\n\t\t\t\t\t\t\t\t\t\t\t<span class=\"elementor-icon-list-icon\">\n\t\t\t\t\t\t\t<i aria-hidden=\"true\" class=\"far fa-dot-circle\"><\/i>\t\t\t\t\t\t<\/span>\n\t\t\t\t\t\t\t\t\t\t<span class=\"elementor-icon-list-text\">Practice's duration: 30+ min<\/span>\n\t\t\t\t\t\t\t\t\t<\/li>\n\t\t\t\t\t\t\t\t<li class=\"elementor-icon-list-item\">\n\t\t\t\t\t\t\t\t\t\t\t<span class=\"elementor-icon-list-icon\">\n\t\t\t\t\t\t\t<i aria-hidden=\"true\" class=\"far fa-dot-circle\"><\/i>\t\t\t\t\t\t<\/span>\n\t\t\t\t\t\t\t\t\t\t<span class=\"elementor-icon-list-text\">Workshop's duration: 5h* <\/span>\n\t\t\t\t\t\t\t\t\t<\/li>\n\t\t\t\t\t\t<\/ul>\n\t\t\t\t<\/div>\n\t\t\t\t<\/div>\n\t\t\t\t<div class=\"elementor-element elementor-element-4a9445a elementor-widget elementor-widget-text-editor\" data-id=\"4a9445a\" data-element_type=\"widget\" data-widget_type=\"text-editor.default\">\n\t\t\t\t<div class=\"elementor-widget-container\">\n\t\t\t\t\t\t\t<p>*Approx. duration given as an indication, may vary<\/p>\t\t\t\t\t\t<\/div>\n\t\t\t\t<\/div>\n\t\t\t\t\t<\/div>\n\t\t<\/div>\n\t\t\t\t<div class=\"elementor-column elementor-col-50 elementor-inner-column elementor-element elementor-element-4c323b5d\" data-id=\"4c323b5d\" data-element_type=\"column\">\n\t\t\t<div class=\"elementor-widget-wrap elementor-element-populated\">\n\t\t\t\t\t\t<div class=\"elementor-element elementor-element-4cf1a88c elementor-widget elementor-widget-heading\" data-id=\"4cf1a88c\" data-element_type=\"widget\" data-widget_type=\"heading.default\">\n\t\t\t\t<div class=\"elementor-widget-container\">\n\t\t\t<h3 class=\"elementor-heading-title elementor-size-default\">Benefits<\/h3>\t\t<\/div>\n\t\t\t\t<\/div>\n\t\t\t\t<div class=\"elementor-element elementor-element-717040bc elementor-icon-list--layout-traditional elementor-list-item-link-full_width elementor-widget elementor-widget-icon-list\" data-id=\"717040bc\" data-element_type=\"widget\" data-widget_type=\"icon-list.default\">\n\t\t\t\t<div class=\"elementor-widget-container\">\n\t\t\t\t\t<ul class=\"elementor-icon-list-items\">\n\t\t\t\t\t\t\t<li class=\"elementor-icon-list-item\">\n\t\t\t\t\t\t\t\t\t\t\t<span class=\"elementor-icon-list-icon\">\n\t\t\t\t\t\t\t<i aria-hidden=\"true\" class=\"far fa-dot-circle\"><\/i>\t\t\t\t\t\t<\/span>\n\t\t\t\t\t\t\t\t\t\t<span class=\"elementor-icon-list-text\">Increases vigor and vitality<\/span>\n\t\t\t\t\t\t\t\t\t<\/li>\n\t\t\t\t\t\t\t\t<li class=\"elementor-icon-list-item\">\n\t\t\t\t\t\t\t\t\t\t\t<span class=\"elementor-icon-list-icon\">\n\t\t\t\t\t\t\t<i aria-hidden=\"true\" class=\"far fa-dot-circle\"><\/i>\t\t\t\t\t\t<\/span>\n\t\t\t\t\t\t\t\t\t\t<span class=\"elementor-icon-list-text\">Develops concentration<\/span>\n\t\t\t\t\t\t\t\t\t<\/li>\n\t\t\t\t\t\t\t\t<li class=\"elementor-icon-list-item\">\n\t\t\t\t\t\t\t\t\t\t\t<span class=\"elementor-icon-list-icon\">\n\t\t\t\t\t\t\t<i aria-hidden=\"true\" class=\"far fa-dot-circle\"><\/i>\t\t\t\t\t\t<\/span>\n\t\t\t\t\t\t\t\t\t\t<span class=\"elementor-icon-list-text\">Corrects hormonal imbalances<\/span>\n\t\t\t\t\t\t\t\t\t<\/li>\n\t\t\t\t\t\t\t\t<li class=\"elementor-icon-list-item\">\n\t\t\t\t\t\t\t\t\t\t\t<span class=\"elementor-icon-list-icon\">\n\t\t\t\t\t\t\t<i aria-hidden=\"true\" class=\"far fa-dot-circle\"><\/i>\t\t\t\t\t\t<\/span>\n\t\t\t\t\t\t\t\t\t\t<span class=\"elementor-icon-list-text\">Fortifies the immune system<\/span>\n\t\t\t\t\t\t\t\t\t<\/li>\n\t\t\t\t\t\t<\/ul>\n\t\t\t\t<\/div>\n\t\t\t\t<\/div>\n\t\t\t\t\t<\/div>\n\t\t<\/div>\n\t\t\t\t\t<\/div>\n\t\t<\/section>\n\t\t\t\t<div class=\"elementor-element elementor-element-6ff9f65 elementor-widget elementor-widget-spacer\" data-id=\"6ff9f65\" data-element_type=\"widget\" data-widget_type=\"spacer.default\">\n\t\t\t\t<div class=\"elementor-widget-container\">\n\t\t\t\t\t<div class=\"elementor-spacer\">\n\t\t\t<div class=\"elementor-spacer-inner\"><\/div>\n\t\t<\/div>\n\t\t\t\t<\/div>\n\t\t\t\t<\/div>\n\t\t\t\t<div class=\"elementor-element elementor-element-b1a1f2e elementor-widget elementor-widget-text-editor\" data-id=\"b1a1f2e\" data-element_type=\"widget\" data-widget_type=\"text-editor.default\">\n\t\t\t\t<div class=\"elementor-widget-container\">\n\t\t\t\t\t\t\t<p><strong><em>Surya Shakti<\/em> must be practiced on empty stomach, this means:<\/strong><br>- 4h after a full meal<br>\u2013\u00a0\u00a0 2h \u00bd after a snack (fruit, biscuit)<br>\u2013\u00a0\u00a0 1h \u00bd after a drink (tea, coffee, milk, fruit juice). This means that, after that, you can drink only water<br>- 10h after alcohol consumption<br>\u2013\u00a0\u00a0 45 min after a cigarette<\/p>\t\t\t\t\t\t<\/div>\n\t\t\t\t<\/div>\n\t\t\t\t\t<\/div>\n\t\t<\/div>\n\t\t\t\t\t<\/div>\n\t\t<\/section>\n\t\t\t\t<\/div>","protected":false},"excerpt":{"rendered":"<p>Surya Shakti Surya Shakti est une forme dynamique de la salutation au soleil et de Surya Kriya. Compos\u00e9e de 18 postures encha\u00een\u00e9es \u00e0 une certaine vitesse, cette pratique est con\u00e7u comme un processus holistique pour \u00eatre en pleine forme physique et mentale. Elle renforce particuli\u00e8rement la colonne vert\u00e9brale. Pendant ce stage, nous d\u00e9composerons les s\u00e9quences [&hellip;]<\/p>","protected":false},"author":1,"featured_media":0,"parent":0,"menu_order":0,"comment_status":"closed","ping_status":"closed","template":"","meta":{"site-sidebar-layout":"no-sidebar","site-content-layout":"page-builder","ast-site-content-layout":"","site-content-style":"default","site-sidebar-style":"default","ast-global-header-display":"","ast-banner-title-visibility":"","ast-main-header-display":"","ast-hfb-above-header-display":"","ast-hfb-below-header-display":"","ast-hfb-mobile-header-display":"","site-post-title":"disabled","ast-breadcrumbs-content":"","ast-featured-img":"disabled","footer-sml-layout":"","theme-transparent-header-meta":"","adv-header-id-meta":"","stick-header-meta":"","header-above-stick-meta":"","header-main-stick-meta":"","header-below-stick-meta":"","astra-migrate-meta-layouts":"default","ast-page-background-enabled":"default","ast-page-background-meta":{"desktop":{"background-color":"","background-image":"","background-repeat":"repeat","background-position":"center center","background-size":"auto","background-attachment":"scroll","background-type":"","background-media":"","overlay-type":"","overlay-color":"","overlay-opacity":"","overlay-gradient":""},"tablet":{"background-color":"","background-image":"","background-repeat":"repeat","background-position":"center center","background-size":"auto","background-attachment":"scroll","background-type":"","background-media":"","overlay-type":"","overlay-color":"","overlay-opacity":"","overlay-gradient":""},"mobile":{"background-color":"","background-image":"","background-repeat":"repeat","background-position":"center center","background-size":"auto","background-attachment":"scroll","background-type":"","background-media":"","overlay-type":"","overlay-color":"","overlay-opacity":"","overlay-gradient":""}},"ast-content-background-meta":{"desktop":{"background-color":"var(--ast-global-color-5)","background-image":"","background-repeat":"repeat","background-position":"center center","background-size":"auto","background-attachment":"scroll","background-type":"","background-media":"","overlay-type":"","overlay-color":"","overlay-opacity":"","overlay-gradient":""},"tablet":{"background-color":"var(--ast-global-color-5)","background-image":"","background-repeat":"repeat","background-position":"center center","background-size":"auto","background-attachment":"scroll","background-type":"","background-media":"","overlay-type":"","overlay-color":"","overlay-opacity":"","overlay-gradient":""},"mobile":{"background-color":"var(--ast-global-color-5)","background-image":"","background-repeat":"repeat","background-position":"center center","background-size":"auto","background-attachment":"scroll","background-type":"","background-media":"","overlay-type":"","overlay-color":"","overlay-opacity":"","overlay-gradient":""}},"footnotes":""},"class_list":["post-24848","page","type-page","status-publish","hentry"],"yoast_head":"<!-- This site is optimized with the Yoast SEO plugin v24.0 - https:\/\/yoast.com\/wordpress\/plugins\/seo\/ -->\n<title>Surya Shakti - HathaLife<\/title>\n<meta name=\"robots\" content=\"index, follow, max-snippet:-1, max-image-preview:large, max-video-preview:-1\" \/>\n<link rel=\"canonical\" href=\"https:\/\/hathalife.fr\/en\/surya-shakti\/\" \/>\n<meta property=\"og:locale\" content=\"en_GB\" \/>\n<meta property=\"og:type\" content=\"article\" \/>\n<meta property=\"og:title\" content=\"Surya Shakti - HathaLife\" \/>\n<meta property=\"og:description\" content=\"Surya Shakti Surya Shakti est une forme dynamique de la salutation au soleil et de Surya Kriya. Compos\u00e9e de 18 postures encha\u00een\u00e9es \u00e0 une certaine vitesse, cette pratique est con\u00e7u comme un processus holistique pour \u00eatre en pleine forme physique et mentale. Elle renforce particuli\u00e8rement la colonne vert\u00e9brale. Pendant ce stage, nous d\u00e9composerons les s\u00e9quences [&hellip;]\" \/>\n<meta property=\"og:url\" content=\"https:\/\/hathalife.fr\/en\/surya-shakti\/\" \/>\n<meta property=\"og:site_name\" content=\"HathaLife\" \/>\n<meta property=\"article:modified_time\" content=\"2023-06-06T19:08:56+00:00\" \/>\n<meta property=\"og:image\" content=\"http:\/\/hathalife.fr\/wp-content\/uploads\/2022\/08\/Promo-PP055-1024x683.jpg\" \/>\n<meta name=\"twitter:card\" content=\"summary_large_image\" \/>\n<meta name=\"twitter:label1\" content=\"Estimated reading time\" \/>\n\t<meta name=\"twitter:data1\" content=\"2 minutes\" \/>\n<script type=\"application\/ld+json\" class=\"yoast-schema-graph\">{\"@context\":\"https:\/\/schema.org\",\"@graph\":[{\"@type\":\"WebPage\",\"@id\":\"https:\/\/hathalife.fr\/surya-shakti\/\",\"url\":\"https:\/\/hathalife.fr\/surya-shakti\/\",\"name\":\"Surya Shakti - HathaLife\",\"isPartOf\":{\"@id\":\"https:\/\/hathalife.fr\/#website\"},\"primaryImageOfPage\":{\"@id\":\"https:\/\/hathalife.fr\/surya-shakti\/#primaryimage\"},\"image\":{\"@id\":\"https:\/\/hathalife.fr\/surya-shakti\/#primaryimage\"},\"thumbnailUrl\":\"http:\/\/hathalife.fr\/wp-content\/uploads\/2022\/08\/Promo-PP055-1024x683.jpg\",\"datePublished\":\"2022-08-11T21:07:22+00:00\",\"dateModified\":\"2023-06-06T19:08:56+00:00\",\"breadcrumb\":{\"@id\":\"https:\/\/hathalife.fr\/surya-shakti\/#breadcrumb\"},\"inLanguage\":\"en-GB\",\"potentialAction\":[{\"@type\":\"ReadAction\",\"target\":[\"https:\/\/hathalife.fr\/surya-shakti\/\"]}]},{\"@type\":\"ImageObject\",\"inLanguage\":\"en-GB\",\"@id\":\"https:\/\/hathalife.fr\/surya-shakti\/#primaryimage\",\"url\":\"http:\/\/hathalife.fr\/wp-content\/uploads\/2022\/08\/Promo-PP055-1024x683.jpg\",\"contentUrl\":\"http:\/\/hathalife.fr\/wp-content\/uploads\/2022\/08\/Promo-PP055-1024x683.jpg\"},{\"@type\":\"BreadcrumbList\",\"@id\":\"https:\/\/hathalife.fr\/surya-shakti\/#breadcrumb\",\"itemListElement\":[{\"@type\":\"ListItem\",\"position\":1,\"name\":\"Accueil\",\"item\":\"https:\/\/hathalife.fr\/\"},{\"@type\":\"ListItem\",\"position\":2,\"name\":\"Surya Shakti\"}]},{\"@type\":\"WebSite\",\"@id\":\"https:\/\/hathalife.fr\/#website\",\"url\":\"https:\/\/hathalife.fr\/\",\"name\":\"HathaLife\",\"description\":\"Cours et Stages de Hatha Yoga\",\"publisher\":{\"@id\":\"https:\/\/hathalife.fr\/#organization\"},\"potentialAction\":[{\"@type\":\"SearchAction\",\"target\":{\"@type\":\"EntryPoint\",\"urlTemplate\":\"https:\/\/hathalife.fr\/?s={search_term_string}\"},\"query-input\":{\"@type\":\"PropertyValueSpecification\",\"valueRequired\":true,\"valueName\":\"search_term_string\"}}],\"inLanguage\":\"en-GB\"},{\"@type\":\"Organization\",\"@id\":\"https:\/\/hathalife.fr\/#organization\",\"name\":\"HathaLife\",\"url\":\"https:\/\/hathalife.fr\/\",\"logo\":{\"@type\":\"ImageObject\",\"inLanguage\":\"en-GB\",\"@id\":\"https:\/\/hathalife.fr\/#\/schema\/logo\/image\/\",\"url\":\"https:\/\/hathalife.fr\/wp-content\/uploads\/2024\/12\/cropped-yoga-3.jpg\",\"contentUrl\":\"https:\/\/hathalife.fr\/wp-content\/uploads\/2024\/12\/cropped-yoga-3.jpg\",\"width\":1600,\"height\":397,\"caption\":\"HathaLife\"},\"image\":{\"@id\":\"https:\/\/hathalife.fr\/#\/schema\/logo\/image\/\"}}]}<\/script>\n<!-- \/ Yoast SEO plugin. -->","yoast_head_json":{"title":"Surya Shakti - HathaLife","robots":{"index":"index","follow":"follow","max-snippet":"max-snippet:-1","max-image-preview":"max-image-preview:large","max-video-preview":"max-video-preview:-1"},"canonical":"https:\/\/hathalife.fr\/en\/surya-shakti\/","og_locale":"en_GB","og_type":"article","og_title":"Surya Shakti - HathaLife","og_description":"Surya Shakti Surya Shakti est une forme dynamique de la salutation au soleil et de Surya Kriya. Compos\u00e9e de 18 postures encha\u00een\u00e9es \u00e0 une certaine vitesse, cette pratique est con\u00e7u comme un processus holistique pour \u00eatre en pleine forme physique et mentale. Elle renforce particuli\u00e8rement la colonne vert\u00e9brale. Pendant ce stage, nous d\u00e9composerons les s\u00e9quences [&hellip;]","og_url":"https:\/\/hathalife.fr\/en\/surya-shakti\/","og_site_name":"HathaLife","article_modified_time":"2023-06-06T19:08:56+00:00","og_image":[{"url":"http:\/\/hathalife.fr\/wp-content\/uploads\/2022\/08\/Promo-PP055-1024x683.jpg","type":"","width":"","height":""}],"twitter_card":"summary_large_image","twitter_misc":{"Estimated reading time":"2 minutes"},"schema":{"@context":"https:\/\/schema.org","@graph":[{"@type":"WebPage","@id":"https:\/\/hathalife.fr\/surya-shakti\/","url":"https:\/\/hathalife.fr\/surya-shakti\/","name":"Surya Shakti - HathaLife","isPartOf":{"@id":"https:\/\/hathalife.fr\/#website"},"primaryImageOfPage":{"@id":"https:\/\/hathalife.fr\/surya-shakti\/#primaryimage"},"image":{"@id":"https:\/\/hathalife.fr\/surya-shakti\/#primaryimage"},"thumbnailUrl":"http:\/\/hathalife.fr\/wp-content\/uploads\/2022\/08\/Promo-PP055-1024x683.jpg","datePublished":"2022-08-11T21:07:22+00:00","dateModified":"2023-06-06T19:08:56+00:00","breadcrumb":{"@id":"https:\/\/hathalife.fr\/surya-shakti\/#breadcrumb"},"inLanguage":"en-GB","potentialAction":[{"@type":"ReadAction","target":["https:\/\/hathalife.fr\/surya-shakti\/"]}]},{"@type":"ImageObject","inLanguage":"en-GB","@id":"https:\/\/hathalife.fr\/surya-shakti\/#primaryimage","url":"http:\/\/hathalife.fr\/wp-content\/uploads\/2022\/08\/Promo-PP055-1024x683.jpg","contentUrl":"http:\/\/hathalife.fr\/wp-content\/uploads\/2022\/08\/Promo-PP055-1024x683.jpg"},{"@type":"BreadcrumbList","@id":"https:\/\/hathalife.fr\/surya-shakti\/#breadcrumb","itemListElement":[{"@type":"ListItem","position":1,"name":"Accueil","item":"https:\/\/hathalife.fr\/"},{"@type":"ListItem","position":2,"name":"Surya Shakti"}]},{"@type":"WebSite","@id":"https:\/\/hathalife.fr\/#website","url":"https:\/\/hathalife.fr\/","name":"HathaLife","description":"Cours et Stages de Hatha Yoga","publisher":{"@id":"https:\/\/hathalife.fr\/#organization"},"potentialAction":[{"@type":"SearchAction","target":{"@type":"EntryPoint","urlTemplate":"https:\/\/hathalife.fr\/?s={search_term_string}"},"query-input":{"@type":"PropertyValueSpecification","valueRequired":true,"valueName":"search_term_string"}}],"inLanguage":"en-GB"},{"@type":"Organization","@id":"https:\/\/hathalife.fr\/#organization","name":"HathaLife","url":"https:\/\/hathalife.fr\/","logo":{"@type":"ImageObject","inLanguage":"en-GB","@id":"https:\/\/hathalife.fr\/#\/schema\/logo\/image\/","url":"https:\/\/hathalife.fr\/wp-content\/uploads\/2024\/12\/cropped-yoga-3.jpg","contentUrl":"https:\/\/hathalife.fr\/wp-content\/uploads\/2024\/12\/cropped-yoga-3.jpg","width":1600,"height":397,"caption":"HathaLife"},"image":{"@id":"https:\/\/hathalife.fr\/#\/schema\/logo\/image\/"}}]}},"_links":{"self":[{"href":"https:\/\/hathalife.fr\/en\/wp-json\/wp\/v2\/pages\/24848","targetHints":{"allow":["GET"]}}],"collection":[{"href":"https:\/\/hathalife.fr\/en\/wp-json\/wp\/v2\/pages"}],"about":[{"href":"https:\/\/hathalife.fr\/en\/wp-json\/wp\/v2\/types\/page"}],"author":[{"embeddable":true,"href":"https:\/\/hathalife.fr\/en\/wp-json\/wp\/v2\/users\/1"}],"replies":[{"embeddable":true,"href":"https:\/\/hathalife.fr\/en\/wp-json\/wp\/v2\/comments?post=24848"}],"version-history":[{"count":28,"href":"https:\/\/hathalife.fr\/en\/wp-json\/wp\/v2\/pages\/24848\/revisions"}],"predecessor-version":[{"id":25426,"href":"https:\/\/hathalife.fr\/en\/wp-json\/wp\/v2\/pages\/24848\/revisions\/25426"}],"wp:attachment":[{"href":"https:\/\/hathalife.fr\/en\/wp-json\/wp\/v2\/media?parent=24848"}],"curies":[{"name":"wp","href":"https:\/\/api.w.org\/{rel}","templated":true}]}}