{"id":26294,"date":"2024-12-08T21:44:22","date_gmt":"2024-12-08T20:44:22","guid":{"rendered":"https:\/\/hathalife.fr\/?page_id=26294"},"modified":"2024-12-14T20:11:05","modified_gmt":"2024-12-14T19:11:05","slug":"mentions-legales","status":"publish","type":"page","link":"https:\/\/hathalife.fr\/en\/mentions-legales\/","title":{"rendered":"Mentions L\u00e9gales"},"content":{"rendered":"<div data-elementor-type=\"wp-page\" data-elementor-id=\"26294\" class=\"elementor elementor-26294\">\n\t\t\t\t\t\t<section class=\"elementor-section elementor-top-section elementor-element elementor-element-08f44be elementor-section-boxed elementor-section-height-default elementor-section-height-default\" data-id=\"08f44be\" data-element_type=\"section\">\n\t\t\t\t\t\t<div class=\"elementor-container elementor-column-gap-default\">\n\t\t\t\t\t<div class=\"elementor-column elementor-col-100 elementor-top-column elementor-element elementor-element-60e0293\" data-id=\"60e0293\" data-element_type=\"column\">\n\t\t\t<div class=\"elementor-widget-wrap elementor-element-populated\">\n\t\t\t\t\t\t<div class=\"elementor-element elementor-element-ddea1a1 elementor-widget elementor-widget-text-editor\" data-id=\"ddea1a1\" data-element_type=\"widget\" data-widget_type=\"text-editor.default\">\n\t\t\t\t<div class=\"elementor-widget-container\">\n\t\t\t\t\t\t\t<h3><span style=\"font-family: georgia, palatino, serif;\">Mentions L\u00e9gales Hathalife.fr<\/span><\/h3><h4><span style=\"font-family: georgia, palatino, serif;\">1. Informations l\u00e9gales<\/span><\/h4><p style=\"text-align: justify;\"><span style=\"font-family: georgia, palatino, serif;\">Le site hathalife.fr est \u00e9dit\u00e9 par :<\/span><\/p><p style=\"text-align: justify;\"><span style=\"font-family: georgia, palatino, serif;\">&#8211; Nom\/Raison sociale : David Brossard<\/span><\/p><p style=\"text-align: justify;\"><span style=\"font-family: georgia, palatino, serif;\">&#8211; Forme juridique : Micro-entreprise<\/span><\/p><p style=\"text-align: justify;\"><span style=\"font-family: georgia, palatino, serif;\">&#8211; Num\u00e9ro de SIRET : 949 217 756 00012<\/span><\/p><p style=\"text-align: justify;\"><span style=\"font-family: georgia, palatino, serif;\">&#8211; Adresse du si\u00e8ge social : 20 rue des fl\u00e9neaux, 17138 Puilboreau<\/span><\/p><p style=\"text-align: justify;\"><span style=\"font-family: georgia, palatino, serif;\">&#8211; T\u00e9l\u00e9phone : 06 42 68 93 71<\/span><\/p><p style=\"text-align: justify;\"><span style=\"font-family: georgia, palatino, serif;\">&#8211; Email : info@hathalife.fr<\/span><\/p><h4 style=\"text-align: justify;\"><span style=\"font-family: georgia, palatino, serif;\">2. Directeur de la publication<\/span><\/h4><p style=\"text-align: justify;\"><span style=\"font-family: georgia, palatino, serif;\">&#8211; Nom et pr\u00e9nom : David Brossard<\/span><\/p><p style=\"text-align: justify;\"><span style=\"font-family: georgia, palatino, serif;\">&#8211; Fonction : Webmaster<\/span><\/p><h4 style=\"text-align: justify;\"><span style=\"font-family: georgia, palatino, serif;\">3. H\u00e9bergeur du site<\/span><\/h4><p style=\"text-align: justify;\"><span style=\"font-family: georgia, palatino, serif;\">Le site est h\u00e9berg\u00e9 par : Hostinger France<\/span><\/p><h4 style=\"text-align: justify;\"><span style=\"font-family: georgia, palatino, serif;\">4. Propri\u00e9t\u00e9 intellectuelle<\/span><\/h4><p style=\"text-align: justify;\"><span style=\"font-family: georgia, palatino, serif;\">L&rsquo;ensemble de ce site rel\u00e8ve de la l\u00e9gislation fran\u00e7aise et internationale\u00a0<span style=\"font-style: inherit; font-weight: inherit; background-color: var(--ast-global-color-4); color: var(--ast-global-color-3);\">sur le droit d&rsquo;auteur et la propri\u00e9t\u00e9 intellectuelle. Tous les droits de\u00a0<\/span><span style=\"font-style: inherit; font-weight: inherit; background-color: var(--ast-global-color-4); color: var(--ast-global-color-3);\">reproduction sont r\u00e9serv\u00e9s, y compris pour les documents\u00a0<\/span><span style=\"font-style: inherit; font-weight: inherit; background-color: var(--ast-global-color-4); color: var(--ast-global-color-3);\">t\u00e9l\u00e9chargeables et les repr\u00e9sentations iconographiques et\u00a0<\/span><span style=\"font-style: inherit; font-weight: inherit; background-color: var(--ast-global-color-4); color: var(--ast-global-color-3);\">photographiques.<\/span><\/span><\/p><h4 style=\"text-align: justify;\"><span style=\"font-family: georgia, palatino, serif;\">5. Donn\u00e9es personnelles<\/span><\/h4><p><span style=\"font-family: georgia, palatino, serif;\">Sur le site hathalife.fr, David Brossard ne collecte des informations personnelles relatives \u00e0 l\u2019utilisateur que pour l&rsquo;inscription \u00e0 la newsletter et la demande d&rsquo;information sur certains services propos\u00e9s par le site hathalife.fr. L\u2019utilisateur fournit ces informations en toute connaissance de cause, notamment lorsqu\u2019il proc\u00e8de par lui-m\u00eame \u00e0 leur saisie. Il est alors pr\u00e9cis\u00e9 \u00e0 l\u2019utilisateur du site hathalife.fr l\u2019obligation ou non de fournir ces informations.<\/span><\/p><p style=\"text-align: justify;\"><span style=\"font-family: georgia, palatino, serif;\">Conform\u00e9ment au R\u00e8glement G\u00e9n\u00e9ral sur la Protection des Donn\u00e9es\u00a0<span style=\"font-style: inherit; font-weight: inherit; background-color: var(--ast-global-color-4); color: var(--ast-global-color-3);\">(RGPD), vous disposez d&rsquo;un droit d&rsquo;acc\u00e8s, de rectification, de\u00a0<\/span><span style=\"font-style: inherit; font-weight: inherit; background-color: var(--ast-global-color-4); color: var(--ast-global-color-3);\">suppression et d&rsquo;opposition aux donn\u00e9es personnelles vous concernant.\u00a0<\/span><span style=\"font-style: inherit; font-weight: inherit; background-color: var(--ast-global-color-4); color: var(--ast-global-color-3);\">Pour exercer ces droits, veuillez nous contacter \u00e0 l&rsquo;adresse suivante :\u00a0<\/span><span style=\"font-style: inherit; font-weight: inherit; background-color: var(--ast-global-color-4); color: var(--ast-global-color-3);\">info@hathalife.fr.<\/span><\/span><\/p><h4 style=\"text-align: justify;\"><span style=\"font-family: georgia, palatino, serif;\">6. Cookies<\/span><\/h4><p style=\"text-align: justify;\"><span style=\"font-family: georgia, palatino, serif;\">Le site hathalife.fr peut \u00eatre amen\u00e9 \u00e0 vous demander l&rsquo;acceptation\u00a0<span style=\"font-style: inherit; font-weight: inherit; background-color: var(--ast-global-color-4); color: var(--ast-global-color-3);\">des cookies pour des besoins de statistiques et d&rsquo;affichage. Un cookie\u00a0<\/span><span style=\"font-style: inherit; font-weight: inherit; background-color: var(--ast-global-color-4); color: var(--ast-global-color-3);\">est un petit fichier informatique, un traceur. Il permet d&rsquo;analyser le\u00a0<\/span><span style=\"font-style: inherit; font-weight: inherit; background-color: var(--ast-global-color-4); color: var(--ast-global-color-3);\">comportement des usagers lors de la visite d&rsquo;un site internet, de la\u00a0<\/span><span style=\"font-style: inherit; font-weight: inherit; background-color: var(--ast-global-color-4); color: var(--ast-global-color-3);\">lecture d&rsquo;un courrier \u00e9lectronique, de l&rsquo;installation ou de l&rsquo;utilisation d&rsquo;un\u00a0<\/span><span style=\"font-style: inherit; font-weight: inherit; background-color: var(--ast-global-color-4); color: var(--ast-global-color-3);\">logiciel ou d&rsquo;une application mobile. Pour plus d&rsquo;information, consultez notre <a href=\"https:\/\/hathalife.fr\/en\/politique-de-cookies-ue\/\">politique de cookies<\/a>.<\/span><\/span><\/p><h4 style=\"text-align: justify;\"><span style=\"font-family: georgia, palatino, serif;\">7. Liens hypertextes<\/span><\/h4><p style=\"text-align: justify;\"><span style=\"font-family: georgia, palatino, serif;\">Le site hathalife.fr peut contenir des liens hypertextes vers d&rsquo;autres\u00a0<span style=\"font-style: inherit; font-weight: inherit; background-color: var(--ast-global-color-4); color: var(--ast-global-color-3);\">sites pr\u00e9sents sur le r\u00e9seau Internet. Les liens vers ces autres\u00a0<\/span><span style=\"font-style: inherit; font-weight: inherit; background-color: var(--ast-global-color-4); color: var(--ast-global-color-3);\">ressources vous font quitter le site hathalife.fr. Il est possible de cr\u00e9er\u00a0<\/span><span style=\"font-style: inherit; font-weight: inherit; color: var(--ast-global-color-3); background-color: var(--ast-global-color-4);\">un lien vers la page de pr\u00e9sentation de ce site sans autorisation\u00a0<\/span><span style=\"font-style: inherit; font-weight: inherit; background-color: var(--ast-global-color-4); color: var(--ast-global-color-3);\">expresse. Aucune autorisation ou demande d&rsquo;information pr\u00e9alable ne\u00a0<\/span><span style=\"font-style: inherit; font-weight: inherit; background-color: var(--ast-global-color-4); color: var(--ast-global-color-3);\">peut \u00eatre exig\u00e9e par l&rsquo;\u00e9diteur \u00e0 l&rsquo;\u00e9gard d&rsquo;un site qui souhaite \u00e9tablir un\u00a0<\/span><span style=\"font-style: inherit; font-weight: inherit; background-color: var(--ast-global-color-4); color: var(--ast-global-color-3);\">lien vers le site de l&rsquo;\u00e9diteur. N\u00e9anmoins, l&rsquo;\u00e9diteur se r\u00e9serve le droit de\u00a0<\/span><span style=\"font-style: inherit; font-weight: inherit; background-color: var(--ast-global-color-4); color: var(--ast-global-color-3);\">demander la suppression d&rsquo;un lien qu&rsquo;il estime non conforme \u00e0 l&rsquo;objet du\u00a0<\/span><span style=\"font-style: inherit; font-weight: inherit; background-color: var(--ast-global-color-4); color: var(--ast-global-color-3);\">site hathalife.fr.<\/span><\/span><\/p><h4 style=\"text-align: justify;\"><span style=\"font-family: georgia, palatino, serif;\">8. Responsabilit\u00e9<\/span><\/h4><p style=\"text-align: justify;\"><span style=\"font-family: georgia, palatino, serif;\">Les informations et\/ou documents figurant sur ce site et\/ou accessibles\u00a0<span style=\"font-style: inherit; font-weight: inherit; background-color: var(--ast-global-color-4); color: var(--ast-global-color-3);\">par ce site proviennent de sources consid\u00e9r\u00e9es comme \u00e9tant fiables.\u00a0<\/span><span style=\"font-style: inherit; font-weight: inherit; background-color: var(--ast-global-color-4); color: var(--ast-global-color-3);\">Toutefois, ces informations et\/ou documents sont susceptibles de\u00a0<\/span><span style=\"font-style: inherit; font-weight: inherit; background-color: var(--ast-global-color-4); color: var(--ast-global-color-3);\">contenir des inexactitudes techniques et des erreurs typographiques.\u00a0<\/span><span style=\"font-style: inherit; font-weight: inherit; background-color: var(--ast-global-color-4); color: var(--ast-global-color-3);\">L&rsquo;\u00e9diteur se r\u00e9serve le droit de les corriger, d\u00e8s que ces erreurs sont\u00a0<\/span><span style=\"font-style: inherit; font-weight: inherit; background-color: var(--ast-global-color-4); color: var(--ast-global-color-3);\">port\u00e9es \u00e0 sa connaissance. Il est fortement recommand\u00e9 de v\u00e9rifier\u00a0<\/span><span style=\"font-style: inherit; font-weight: inherit; background-color: var(--ast-global-color-4); color: var(--ast-global-color-3);\">l&rsquo;exactitude et la pertinence des informations et\/ou documents mis \u00e0\u00a0<\/span><span style=\"font-style: inherit; font-weight: inherit; background-color: var(--ast-global-color-4); color: var(--ast-global-color-3);\">disposition sur ce site.<\/span><\/span><\/p><p><span style=\"font-family: georgia, palatino, serif;\">&#8212;<\/span><\/p><p><span style=\"font-family: georgia, palatino, serif;\">Derni\u00e8re mise \u00e0 jour : 14\/12\/2024<\/span><\/p>\t\t\t\t\t\t<\/div>\n\t\t\t\t<\/div>\n\t\t\t\t\t<\/div>\n\t\t<\/div>\n\t\t\t\t\t<\/div>\n\t\t<\/section>\n\t\t\t\t<\/div>","protected":false},"excerpt":{"rendered":"<p>Mentions L\u00e9gales Hathalife.fr 1. Informations l\u00e9gales Le site hathalife.fr est \u00e9dit\u00e9 par : &#8211; Nom\/Raison sociale : David Brossard &#8211; Forme juridique : Micro-entreprise &#8211; Num\u00e9ro de SIRET : 949 217 756 00012 &#8211; Adresse du si\u00e8ge social : 20 rue des fl\u00e9neaux, 17138 Puilboreau &#8211; T\u00e9l\u00e9phone : 06 42 68 93 71 &#8211; Email [&hellip;]<\/p>","protected":false},"author":1,"featured_media":0,"parent":0,"menu_order":0,"comment_status":"closed","ping_status":"closed","template":"","meta":{"site-sidebar-layout":"no-sidebar","site-content-layout":"page-builder","ast-site-content-layout":"full-width-container","site-content-style":"default","site-sidebar-style":"default","ast-global-header-display":"","ast-banner-title-visibility":"","ast-main-header-display":"","ast-hfb-above-header-display":"","ast-hfb-below-header-display":"","ast-hfb-mobile-header-display":"","site-post-title":"disabled","ast-breadcrumbs-content":"","ast-featured-img":"disabled","footer-sml-layout":"","theme-transparent-header-meta":"","adv-header-id-meta":"","stick-header-meta":"","header-above-stick-meta":"","header-main-stick-meta":"","header-below-stick-meta":"","astra-migrate-meta-layouts":"set","ast-page-background-enabled":"default","ast-page-background-meta":{"desktop":{"background-color":"","background-image":"","background-repeat":"repeat","background-position":"center center","background-size":"auto","background-attachment":"scroll","background-type":"","background-media":"","overlay-type":"","overlay-color":"","overlay-opacity":"","overlay-gradient":""},"tablet":{"background-color":"","background-image":"","background-repeat":"repeat","background-position":"center center","background-size":"auto","background-attachment":"scroll","background-type":"","background-media":"","overlay-type":"","overlay-color":"","overlay-opacity":"","overlay-gradient":""},"mobile":{"background-color":"","background-image":"","background-repeat":"repeat","background-position":"center center","background-size":"auto","background-attachment":"scroll","background-type":"","background-media":"","overlay-type":"","overlay-color":"","overlay-opacity":"","overlay-gradient":""}},"ast-content-background-meta":{"desktop":{"background-color":"var(--ast-global-color-5)","background-image":"","background-repeat":"repeat","background-position":"center center","background-size":"auto","background-attachment":"scroll","background-type":"","background-media":"","overlay-type":"","overlay-color":"","overlay-opacity":"","overlay-gradient":""},"tablet":{"background-color":"var(--ast-global-color-5)","background-image":"","background-repeat":"repeat","background-position":"center center","background-size":"auto","background-attachment":"scroll","background-type":"","background-media":"","overlay-type":"","overlay-color":"","overlay-opacity":"","overlay-gradient":""},"mobile":{"background-color":"var(--ast-global-color-5)","background-image":"","background-repeat":"repeat","background-position":"center center","background-size":"auto","background-attachment":"scroll","background-type":"","background-media":"","overlay-type":"","overlay-color":"","overlay-opacity":"","overlay-gradient":""}},"footnotes":""},"class_list":["post-26294","page","type-page","status-publish","hentry"],"yoast_head":"<!-- This site is optimized with the Yoast SEO plugin v24.0 - https:\/\/yoast.com\/wordpress\/plugins\/seo\/ -->\n<title>Mentions L\u00e9gales - HathaLife<\/title>\n<meta name=\"robots\" content=\"index, follow, max-snippet:-1, max-image-preview:large, max-video-preview:-1\" \/>\n<link rel=\"canonical\" href=\"https:\/\/hathalife.fr\/en\/mentions-legales\/\" \/>\n<meta property=\"og:locale\" content=\"en_GB\" \/>\n<meta property=\"og:type\" content=\"article\" \/>\n<meta property=\"og:title\" content=\"Mentions L\u00e9gales - HathaLife\" \/>\n<meta property=\"og:description\" content=\"Mentions L\u00e9gales Hathalife.fr 1. Informations l\u00e9gales Le site hathalife.fr est \u00e9dit\u00e9 par : &#8211; Nom\/Raison sociale : David Brossard &#8211; Forme juridique : Micro-entreprise &#8211; Num\u00e9ro de SIRET : 949 217 756 00012 &#8211; Adresse du si\u00e8ge social : 20 rue des fl\u00e9neaux, 17138 Puilboreau &#8211; T\u00e9l\u00e9phone : 06 42 68 93 71 &#8211; Email [&hellip;]\" \/>\n<meta property=\"og:url\" content=\"https:\/\/hathalife.fr\/en\/mentions-legales\/\" \/>\n<meta property=\"og:site_name\" content=\"HathaLife\" \/>\n<meta property=\"article:modified_time\" content=\"2024-12-14T19:11:05+00:00\" \/>\n<meta name=\"twitter:card\" content=\"summary_large_image\" \/>\n<meta name=\"twitter:label1\" content=\"Estimated reading time\" \/>\n\t<meta name=\"twitter:data1\" content=\"3 minutes\" \/>\n<script type=\"application\/ld+json\" class=\"yoast-schema-graph\">{\"@context\":\"https:\/\/schema.org\",\"@graph\":[{\"@type\":\"WebPage\",\"@id\":\"https:\/\/hathalife.fr\/mentions-legales\/\",\"url\":\"https:\/\/hathalife.fr\/mentions-legales\/\",\"name\":\"Mentions L\u00e9gales - HathaLife\",\"isPartOf\":{\"@id\":\"https:\/\/hathalife.fr\/#website\"},\"datePublished\":\"2024-12-08T20:44:22+00:00\",\"dateModified\":\"2024-12-14T19:11:05+00:00\",\"breadcrumb\":{\"@id\":\"https:\/\/hathalife.fr\/mentions-legales\/#breadcrumb\"},\"inLanguage\":\"en-GB\",\"potentialAction\":[{\"@type\":\"ReadAction\",\"target\":[\"https:\/\/hathalife.fr\/mentions-legales\/\"]}]},{\"@type\":\"BreadcrumbList\",\"@id\":\"https:\/\/hathalife.fr\/mentions-legales\/#breadcrumb\",\"itemListElement\":[{\"@type\":\"ListItem\",\"position\":1,\"name\":\"Accueil\",\"item\":\"https:\/\/hathalife.fr\/\"},{\"@type\":\"ListItem\",\"position\":2,\"name\":\"Mentions L\u00e9gales\"}]},{\"@type\":\"WebSite\",\"@id\":\"https:\/\/hathalife.fr\/#website\",\"url\":\"https:\/\/hathalife.fr\/\",\"name\":\"HathaLife\",\"description\":\"Cours et Stages de Hatha Yoga\",\"publisher\":{\"@id\":\"https:\/\/hathalife.fr\/#organization\"},\"potentialAction\":[{\"@type\":\"SearchAction\",\"target\":{\"@type\":\"EntryPoint\",\"urlTemplate\":\"https:\/\/hathalife.fr\/?s={search_term_string}\"},\"query-input\":{\"@type\":\"PropertyValueSpecification\",\"valueRequired\":true,\"valueName\":\"search_term_string\"}}],\"inLanguage\":\"en-GB\"},{\"@type\":\"Organization\",\"@id\":\"https:\/\/hathalife.fr\/#organization\",\"name\":\"HathaLife\",\"url\":\"https:\/\/hathalife.fr\/\",\"logo\":{\"@type\":\"ImageObject\",\"inLanguage\":\"en-GB\",\"@id\":\"https:\/\/hathalife.fr\/#\/schema\/logo\/image\/\",\"url\":\"https:\/\/hathalife.fr\/wp-content\/uploads\/2024\/12\/cropped-yoga-3.jpg\",\"contentUrl\":\"https:\/\/hathalife.fr\/wp-content\/uploads\/2024\/12\/cropped-yoga-3.jpg\",\"width\":1600,\"height\":397,\"caption\":\"HathaLife\"},\"image\":{\"@id\":\"https:\/\/hathalife.fr\/#\/schema\/logo\/image\/\"}}]}<\/script>\n<!-- \/ Yoast SEO plugin. -->","yoast_head_json":{"title":"Mentions L\u00e9gales - HathaLife","robots":{"index":"index","follow":"follow","max-snippet":"max-snippet:-1","max-image-preview":"max-image-preview:large","max-video-preview":"max-video-preview:-1"},"canonical":"https:\/\/hathalife.fr\/en\/mentions-legales\/","og_locale":"en_GB","og_type":"article","og_title":"Mentions L\u00e9gales - HathaLife","og_description":"Mentions L\u00e9gales Hathalife.fr 1. Informations l\u00e9gales Le site hathalife.fr est \u00e9dit\u00e9 par : &#8211; Nom\/Raison sociale : David Brossard &#8211; Forme juridique : Micro-entreprise &#8211; Num\u00e9ro de SIRET : 949 217 756 00012 &#8211; Adresse du si\u00e8ge social : 20 rue des fl\u00e9neaux, 17138 Puilboreau &#8211; T\u00e9l\u00e9phone : 06 42 68 93 71 &#8211; Email [&hellip;]","og_url":"https:\/\/hathalife.fr\/en\/mentions-legales\/","og_site_name":"HathaLife","article_modified_time":"2024-12-14T19:11:05+00:00","twitter_card":"summary_large_image","twitter_misc":{"Estimated reading time":"3 minutes"},"schema":{"@context":"https:\/\/schema.org","@graph":[{"@type":"WebPage","@id":"https:\/\/hathalife.fr\/mentions-legales\/","url":"https:\/\/hathalife.fr\/mentions-legales\/","name":"Mentions L\u00e9gales - HathaLife","isPartOf":{"@id":"https:\/\/hathalife.fr\/#website"},"datePublished":"2024-12-08T20:44:22+00:00","dateModified":"2024-12-14T19:11:05+00:00","breadcrumb":{"@id":"https:\/\/hathalife.fr\/mentions-legales\/#breadcrumb"},"inLanguage":"en-GB","potentialAction":[{"@type":"ReadAction","target":["https:\/\/hathalife.fr\/mentions-legales\/"]}]},{"@type":"BreadcrumbList","@id":"https:\/\/hathalife.fr\/mentions-legales\/#breadcrumb","itemListElement":[{"@type":"ListItem","position":1,"name":"Accueil","item":"https:\/\/hathalife.fr\/"},{"@type":"ListItem","position":2,"name":"Mentions L\u00e9gales"}]},{"@type":"WebSite","@id":"https:\/\/hathalife.fr\/#website","url":"https:\/\/hathalife.fr\/","name":"HathaLife","description":"Cours et Stages de Hatha Yoga","publisher":{"@id":"https:\/\/hathalife.fr\/#organization"},"potentialAction":[{"@type":"SearchAction","target":{"@type":"EntryPoint","urlTemplate":"https:\/\/hathalife.fr\/?s={search_term_string}"},"query-input":{"@type":"PropertyValueSpecification","valueRequired":true,"valueName":"search_term_string"}}],"inLanguage":"en-GB"},{"@type":"Organization","@id":"https:\/\/hathalife.fr\/#organization","name":"HathaLife","url":"https:\/\/hathalife.fr\/","logo":{"@type":"ImageObject","inLanguage":"en-GB","@id":"https:\/\/hathalife.fr\/#\/schema\/logo\/image\/","url":"https:\/\/hathalife.fr\/wp-content\/uploads\/2024\/12\/cropped-yoga-3.jpg","contentUrl":"https:\/\/hathalife.fr\/wp-content\/uploads\/2024\/12\/cropped-yoga-3.jpg","width":1600,"height":397,"caption":"HathaLife"},"image":{"@id":"https:\/\/hathalife.fr\/#\/schema\/logo\/image\/"}}]}},"_links":{"self":[{"href":"https:\/\/hathalife.fr\/en\/wp-json\/wp\/v2\/pages\/26294","targetHints":{"allow":["GET"]}}],"collection":[{"href":"https:\/\/hathalife.fr\/en\/wp-json\/wp\/v2\/pages"}],"about":[{"href":"https:\/\/hathalife.fr\/en\/wp-json\/wp\/v2\/types\/page"}],"author":[{"embeddable":true,"href":"https:\/\/hathalife.fr\/en\/wp-json\/wp\/v2\/users\/1"}],"replies":[{"embeddable":true,"href":"https:\/\/hathalife.fr\/en\/wp-json\/wp\/v2\/comments?post=26294"}],"version-history":[{"count":19,"href":"https:\/\/hathalife.fr\/en\/wp-json\/wp\/v2\/pages\/26294\/revisions"}],"predecessor-version":[{"id":26338,"href":"https:\/\/hathalife.fr\/en\/wp-json\/wp\/v2\/pages\/26294\/revisions\/26338"}],"wp:attachment":[{"href":"https:\/\/hathalife.fr\/en\/wp-json\/wp\/v2\/media?parent=26294"}],"curies":[{"name":"wp","href":"https:\/\/api.w.org\/{rel}","templated":true}]}}