{"id":26319,"date":"2024-12-10T14:32:37","date_gmt":"2024-12-10T13:32:37","guid":{"rendered":"https:\/\/hathalife.fr\/?page_id=26319"},"modified":"2024-12-10T14:37:01","modified_gmt":"2024-12-10T13:37:01","slug":"cgv","status":"publish","type":"page","link":"https:\/\/hathalife.fr\/en\/cgv\/","title":{"rendered":"CGV"},"content":{"rendered":"<div data-elementor-type=\"wp-page\" data-elementor-id=\"26319\" class=\"elementor elementor-26319\">\n\t\t\t\t\t\t<section class=\"elementor-section elementor-top-section elementor-element elementor-element-c725b50 elementor-section-boxed elementor-section-height-default elementor-section-height-default\" data-id=\"c725b50\" data-element_type=\"section\">\n\t\t\t\t\t\t<div class=\"elementor-container elementor-column-gap-default\">\n\t\t\t\t\t<div class=\"elementor-column elementor-col-100 elementor-top-column elementor-element elementor-element-2f43d30\" data-id=\"2f43d30\" data-element_type=\"column\">\n\t\t\t<div class=\"elementor-widget-wrap elementor-element-populated\">\n\t\t\t\t\t\t<div class=\"elementor-element elementor-element-6e2bcd3 elementor-widget elementor-widget-text-editor\" data-id=\"6e2bcd3\" data-element_type=\"widget\" data-widget_type=\"text-editor.default\">\n\t\t\t\t<div class=\"elementor-widget-container\">\n\t\t\t\t\t\t\t<h3 style=\"text-align: justify;\">Conditions G\u00e9n\u00e9rales de Vente\u00a0<\/h3><p style=\"text-align: justify;\">Derni\u00e8re mise \u00e0 jour : 09\/12\/2024<\/p><h4 style=\"text-align: justify;\">Article 1 : Objet et champ d&rsquo;application\u00a0<\/h4><p style=\"text-align: justify;\">Les pr\u00e9sentes Conditions G\u00e9n\u00e9rales de Vente (CGV) r\u00e9gissent les ventes des prestations commercialis\u00e9es par David Brossard EI, micro-entreprise, immatricul\u00e9e sous le num\u00e9ro 949 217 756 00012. Toute commande implique l&rsquo;acceptation sans r\u00e9serve par l&rsquo;acheteur et son adh\u00e9sion pleine et enti\u00e8re aux pr\u00e9sentes CGV.\u00a0<\/p><h4 style=\"text-align: justify;\">Article 2 : Produits et services\u00a0<\/h4><p style=\"text-align: justify;\">Les caract\u00e9ristiques essentielles des produits, services et leurs prix respectifs sont mis \u00e0 disposition de l&rsquo;acheteur sur le site internet de la soci\u00e9t\u00e9. Le client atteste avoir re\u00e7u un d\u00e9tail des modalit\u00e9s de paiement et d&rsquo;ex\u00e9cution du contrat.\u00a0<\/p><h4 style=\"text-align: justify;\">Article 3 : Prix\u00a0<\/h4><p style=\"text-align: justify;\">Les prix mentionn\u00e9s sur le site www.hathalife.fr sont indiqu\u00e9s en euros toutes taxes comprises hors participation aux frais de traitement et d&rsquo;exp\u00e9dition. David Brossard EI se r\u00e9serve le droit de modifier ses prix \u00e0 tout moment. N\u00e9anmoins, les prix applicables \u00e0 la commande sont ceux en vigueur au moment de la confirmation de celle-ci.\u00a0<\/p><h4 style=\"text-align: justify;\">Article 4 : Modalit\u00e9s de paiement\u00a0<\/h4><p style=\"text-align: justify;\">Le r\u00e8glement de la prestation achet\u00e9e se fait par ch\u00e8que, esp\u00e8ces ou virement.<\/p><h4 style=\"text-align: justify;\">Article 5 : R\u00e9tractation<\/h4><p style=\"text-align: justify;\">Conform\u00e9ment \u00e0 l&rsquo;article L. 221-18 du Code de la consommation, le client dispose d&rsquo;un d\u00e9lai de quatorze (14) jours pour exercer son droit de r\u00e9tractation d&rsquo;un contrat conclu \u00e0 distance, sans avoir \u00e0 motiver sa d\u00e9cision.<\/p><p style=\"text-align: justify;\">Toute demande du client devra \u00eatre adress\u00e9e par mail \u00e0 David Brossard EI \u00e0 l\u2019adresse suivante : info@hathalife.fr.<\/p><h4 style=\"text-align: justify;\">Article 6 : Propri\u00e9t\u00e9 intellectuelle\u00a0<\/h4><p style=\"text-align: justify;\">Tous les \u00e9l\u00e9ments du site hathalife.fr sont et restent la propri\u00e9t\u00e9 intellectuelle et exclusive de David Brossard EI. Personne n&rsquo;est autoris\u00e9 \u00e0 reproduire, exploiter, rediffuser, ou utiliser \u00e0 quelque titre que ce soit, m\u00eame partiellement, des \u00e9l\u00e9ments du site qu&rsquo;ils soient logiciels, visuels ou sonores.\u00a0<\/p><h4 style=\"text-align: justify;\">Article 7 : Donn\u00e9es \u00e0 caract\u00e8re personnel\u00a0<\/h4><p style=\"text-align: justify;\">David Brossard EI s&rsquo;engage \u00e0 respecter la confidentialit\u00e9 des donn\u00e9es personnelles communiqu\u00e9es par le client sur le site et \u00e0 les traiter dans le respect de la loi Informatique et Libert\u00e9s du 6 janvier 1978 et du R\u00e8glement (UE) 2016\/679 du Parlement europ\u00e9en et du Conseil du 27 avril 2016.\u00a0<\/p><h4 style=\"text-align: justify;\">Article 8 : Litiges\u00a0<\/h4><p style=\"text-align: justify;\">Les pr\u00e9sentes CGV sont soumises \u00e0 l&rsquo;application du droit fran\u00e7ais. En cas de litige, les tribunaux fran\u00e7ais seront seuls comp\u00e9tents.\u00a0<\/p><p style=\"text-align: justify;\">&#8212;\u00a0<\/p><p style=\"text-align: justify;\">Pour toute information, question ou r\u00e9clamation, le client peut s&rsquo;adresser \u00e0 David Brossard EI : info@hathalife.fr<\/p>\t\t\t\t\t\t<\/div>\n\t\t\t\t<\/div>\n\t\t\t\t\t<\/div>\n\t\t<\/div>\n\t\t\t\t\t<\/div>\n\t\t<\/section>\n\t\t\t\t<\/div>","protected":false},"excerpt":{"rendered":"<p>Conditions G\u00e9n\u00e9rales de Vente\u00a0 Derni\u00e8re mise \u00e0 jour : 09\/12\/2024 Article 1 : Objet et champ d&rsquo;application\u00a0 Les pr\u00e9sentes Conditions G\u00e9n\u00e9rales de Vente (CGV) r\u00e9gissent les ventes des prestations commercialis\u00e9es par David Brossard EI, micro-entreprise, immatricul\u00e9e sous le num\u00e9ro 949 217 756 00012. Toute commande implique l&rsquo;acceptation sans r\u00e9serve par l&rsquo;acheteur et son adh\u00e9sion pleine [&hellip;]<\/p>","protected":false},"author":1,"featured_media":0,"parent":0,"menu_order":0,"comment_status":"closed","ping_status":"closed","template":"","meta":{"site-sidebar-layout":"no-sidebar","site-content-layout":"page-builder","ast-site-content-layout":"full-width-container","site-content-style":"default","site-sidebar-style":"default","ast-global-header-display":"","ast-banner-title-visibility":"","ast-main-header-display":"","ast-hfb-above-header-display":"","ast-hfb-below-header-display":"","ast-hfb-mobile-header-display":"","site-post-title":"disabled","ast-breadcrumbs-content":"","ast-featured-img":"disabled","footer-sml-layout":"","theme-transparent-header-meta":"","adv-header-id-meta":"","stick-header-meta":"","header-above-stick-meta":"","header-main-stick-meta":"","header-below-stick-meta":"","astra-migrate-meta-layouts":"set","ast-page-background-enabled":"default","ast-page-background-meta":{"desktop":{"background-color":"","background-image":"","background-repeat":"repeat","background-position":"center center","background-size":"auto","background-attachment":"scroll","background-type":"","background-media":"","overlay-type":"","overlay-color":"","overlay-gradient":""},"tablet":{"background-color":"","background-image":"","background-repeat":"repeat","background-position":"center center","background-size":"auto","background-attachment":"scroll","background-type":"","background-media":"","overlay-type":"","overlay-color":"","overlay-gradient":""},"mobile":{"background-color":"","background-image":"","background-repeat":"repeat","background-position":"center center","background-size":"auto","background-attachment":"scroll","background-type":"","background-media":"","overlay-type":"","overlay-color":"","overlay-gradient":""}},"ast-content-background-meta":{"desktop":{"background-color":"var(--ast-global-color-5)","background-image":"","background-repeat":"repeat","background-position":"center center","background-size":"auto","background-attachment":"scroll","background-type":"","background-media":"","overlay-type":"","overlay-color":"","overlay-gradient":""},"tablet":{"background-color":"var(--ast-global-color-5)","background-image":"","background-repeat":"repeat","background-position":"center center","background-size":"auto","background-attachment":"scroll","background-type":"","background-media":"","overlay-type":"","overlay-color":"","overlay-gradient":""},"mobile":{"background-color":"var(--ast-global-color-5)","background-image":"","background-repeat":"repeat","background-position":"center center","background-size":"auto","background-attachment":"scroll","background-type":"","background-media":"","overlay-type":"","overlay-color":"","overlay-gradient":""}},"footnotes":""},"class_list":["post-26319","page","type-page","status-publish","hentry"],"yoast_head":"<!-- This site is optimized with the Yoast SEO plugin v24.0 - https:\/\/yoast.com\/wordpress\/plugins\/seo\/ -->\n<title>CGV - HathaLife<\/title>\n<meta name=\"robots\" content=\"index, follow, max-snippet:-1, max-image-preview:large, max-video-preview:-1\" \/>\n<link rel=\"canonical\" href=\"https:\/\/hathalife.fr\/en\/cgv\/\" \/>\n<meta property=\"og:locale\" content=\"en_GB\" \/>\n<meta property=\"og:type\" content=\"article\" \/>\n<meta property=\"og:title\" content=\"CGV - HathaLife\" \/>\n<meta property=\"og:description\" content=\"Conditions G\u00e9n\u00e9rales de Vente\u00a0 Derni\u00e8re mise \u00e0 jour : 09\/12\/2024 Article 1 : Objet et champ d&rsquo;application\u00a0 Les pr\u00e9sentes Conditions G\u00e9n\u00e9rales de Vente (CGV) r\u00e9gissent les ventes des prestations commercialis\u00e9es par David Brossard EI, micro-entreprise, immatricul\u00e9e sous le num\u00e9ro 949 217 756 00012. Toute commande implique l&rsquo;acceptation sans r\u00e9serve par l&rsquo;acheteur et son adh\u00e9sion pleine [&hellip;]\" \/>\n<meta property=\"og:url\" content=\"https:\/\/hathalife.fr\/en\/cgv\/\" \/>\n<meta property=\"og:site_name\" content=\"HathaLife\" \/>\n<meta property=\"article:modified_time\" content=\"2024-12-10T13:37:01+00:00\" \/>\n<meta name=\"twitter:card\" content=\"summary_large_image\" \/>\n<meta name=\"twitter:label1\" content=\"Estimated reading time\" \/>\n\t<meta name=\"twitter:data1\" content=\"2 minutes\" \/>\n<script type=\"application\/ld+json\" class=\"yoast-schema-graph\">{\"@context\":\"https:\/\/schema.org\",\"@graph\":[{\"@type\":\"WebPage\",\"@id\":\"https:\/\/hathalife.fr\/cgv\/\",\"url\":\"https:\/\/hathalife.fr\/cgv\/\",\"name\":\"CGV - HathaLife\",\"isPartOf\":{\"@id\":\"https:\/\/hathalife.fr\/#website\"},\"datePublished\":\"2024-12-10T13:32:37+00:00\",\"dateModified\":\"2024-12-10T13:37:01+00:00\",\"breadcrumb\":{\"@id\":\"https:\/\/hathalife.fr\/cgv\/#breadcrumb\"},\"inLanguage\":\"en-GB\",\"potentialAction\":[{\"@type\":\"ReadAction\",\"target\":[\"https:\/\/hathalife.fr\/cgv\/\"]}]},{\"@type\":\"BreadcrumbList\",\"@id\":\"https:\/\/hathalife.fr\/cgv\/#breadcrumb\",\"itemListElement\":[{\"@type\":\"ListItem\",\"position\":1,\"name\":\"Accueil\",\"item\":\"https:\/\/hathalife.fr\/\"},{\"@type\":\"ListItem\",\"position\":2,\"name\":\"CGV\"}]},{\"@type\":\"WebSite\",\"@id\":\"https:\/\/hathalife.fr\/#website\",\"url\":\"https:\/\/hathalife.fr\/\",\"name\":\"HathaLife\",\"description\":\"Cours et Stages de Hatha Yoga\",\"publisher\":{\"@id\":\"https:\/\/hathalife.fr\/#organization\"},\"potentialAction\":[{\"@type\":\"SearchAction\",\"target\":{\"@type\":\"EntryPoint\",\"urlTemplate\":\"https:\/\/hathalife.fr\/?s={search_term_string}\"},\"query-input\":{\"@type\":\"PropertyValueSpecification\",\"valueRequired\":true,\"valueName\":\"search_term_string\"}}],\"inLanguage\":\"en-GB\"},{\"@type\":\"Organization\",\"@id\":\"https:\/\/hathalife.fr\/#organization\",\"name\":\"HathaLife\",\"url\":\"https:\/\/hathalife.fr\/\",\"logo\":{\"@type\":\"ImageObject\",\"inLanguage\":\"en-GB\",\"@id\":\"https:\/\/hathalife.fr\/#\/schema\/logo\/image\/\",\"url\":\"https:\/\/hathalife.fr\/wp-content\/uploads\/2024\/12\/cropped-yoga-3.jpg\",\"contentUrl\":\"https:\/\/hathalife.fr\/wp-content\/uploads\/2024\/12\/cropped-yoga-3.jpg\",\"width\":1600,\"height\":397,\"caption\":\"HathaLife\"},\"image\":{\"@id\":\"https:\/\/hathalife.fr\/#\/schema\/logo\/image\/\"}}]}<\/script>\n<!-- \/ Yoast SEO plugin. -->","yoast_head_json":{"title":"CGV - HathaLife","robots":{"index":"index","follow":"follow","max-snippet":"max-snippet:-1","max-image-preview":"max-image-preview:large","max-video-preview":"max-video-preview:-1"},"canonical":"https:\/\/hathalife.fr\/en\/cgv\/","og_locale":"en_GB","og_type":"article","og_title":"CGV - HathaLife","og_description":"Conditions G\u00e9n\u00e9rales de Vente\u00a0 Derni\u00e8re mise \u00e0 jour : 09\/12\/2024 Article 1 : Objet et champ d&rsquo;application\u00a0 Les pr\u00e9sentes Conditions G\u00e9n\u00e9rales de Vente (CGV) r\u00e9gissent les ventes des prestations commercialis\u00e9es par David Brossard EI, micro-entreprise, immatricul\u00e9e sous le num\u00e9ro 949 217 756 00012. Toute commande implique l&rsquo;acceptation sans r\u00e9serve par l&rsquo;acheteur et son adh\u00e9sion pleine [&hellip;]","og_url":"https:\/\/hathalife.fr\/en\/cgv\/","og_site_name":"HathaLife","article_modified_time":"2024-12-10T13:37:01+00:00","twitter_card":"summary_large_image","twitter_misc":{"Estimated reading time":"2 minutes"},"schema":{"@context":"https:\/\/schema.org","@graph":[{"@type":"WebPage","@id":"https:\/\/hathalife.fr\/cgv\/","url":"https:\/\/hathalife.fr\/cgv\/","name":"CGV - HathaLife","isPartOf":{"@id":"https:\/\/hathalife.fr\/#website"},"datePublished":"2024-12-10T13:32:37+00:00","dateModified":"2024-12-10T13:37:01+00:00","breadcrumb":{"@id":"https:\/\/hathalife.fr\/cgv\/#breadcrumb"},"inLanguage":"en-GB","potentialAction":[{"@type":"ReadAction","target":["https:\/\/hathalife.fr\/cgv\/"]}]},{"@type":"BreadcrumbList","@id":"https:\/\/hathalife.fr\/cgv\/#breadcrumb","itemListElement":[{"@type":"ListItem","position":1,"name":"Accueil","item":"https:\/\/hathalife.fr\/"},{"@type":"ListItem","position":2,"name":"CGV"}]},{"@type":"WebSite","@id":"https:\/\/hathalife.fr\/#website","url":"https:\/\/hathalife.fr\/","name":"HathaLife","description":"Cours et Stages de Hatha Yoga","publisher":{"@id":"https:\/\/hathalife.fr\/#organization"},"potentialAction":[{"@type":"SearchAction","target":{"@type":"EntryPoint","urlTemplate":"https:\/\/hathalife.fr\/?s={search_term_string}"},"query-input":{"@type":"PropertyValueSpecification","valueRequired":true,"valueName":"search_term_string"}}],"inLanguage":"en-GB"},{"@type":"Organization","@id":"https:\/\/hathalife.fr\/#organization","name":"HathaLife","url":"https:\/\/hathalife.fr\/","logo":{"@type":"ImageObject","inLanguage":"en-GB","@id":"https:\/\/hathalife.fr\/#\/schema\/logo\/image\/","url":"https:\/\/hathalife.fr\/wp-content\/uploads\/2024\/12\/cropped-yoga-3.jpg","contentUrl":"https:\/\/hathalife.fr\/wp-content\/uploads\/2024\/12\/cropped-yoga-3.jpg","width":1600,"height":397,"caption":"HathaLife"},"image":{"@id":"https:\/\/hathalife.fr\/#\/schema\/logo\/image\/"}}]}},"_links":{"self":[{"href":"https:\/\/hathalife.fr\/en\/wp-json\/wp\/v2\/pages\/26319","targetHints":{"allow":["GET"]}}],"collection":[{"href":"https:\/\/hathalife.fr\/en\/wp-json\/wp\/v2\/pages"}],"about":[{"href":"https:\/\/hathalife.fr\/en\/wp-json\/wp\/v2\/types\/page"}],"author":[{"embeddable":true,"href":"https:\/\/hathalife.fr\/en\/wp-json\/wp\/v2\/users\/1"}],"replies":[{"embeddable":true,"href":"https:\/\/hathalife.fr\/en\/wp-json\/wp\/v2\/comments?post=26319"}],"version-history":[{"count":5,"href":"https:\/\/hathalife.fr\/en\/wp-json\/wp\/v2\/pages\/26319\/revisions"}],"predecessor-version":[{"id":26324,"href":"https:\/\/hathalife.fr\/en\/wp-json\/wp\/v2\/pages\/26319\/revisions\/26324"}],"wp:attachment":[{"href":"https:\/\/hathalife.fr\/en\/wp-json\/wp\/v2\/media?parent=26319"}],"curies":[{"name":"wp","href":"https:\/\/api.w.org\/{rel}","templated":true}]}}