{"id":26607,"date":"2025-02-09T13:10:57","date_gmt":"2025-02-09T12:10:57","guid":{"rendered":"https:\/\/hathalife.fr\/?page_id=26607"},"modified":"2025-02-09T13:46:19","modified_gmt":"2025-02-09T12:46:19","slug":"formulaire-yogasanas-avancees","status":"publish","type":"page","link":"https:\/\/hathalife.fr\/en\/formulaire-yogasanas-avancees\/","title":{"rendered":"Formulaire Yogasanas Avanc\u00e9es"},"content":{"rendered":"<div data-elementor-type=\"wp-page\" data-elementor-id=\"26607\" class=\"elementor elementor-26607\">\n\t\t\t\t\t\t<section class=\"elementor-section elementor-top-section elementor-element elementor-element-139a3fa1 elementor-section-boxed elementor-section-height-default elementor-section-height-default\" data-id=\"139a3fa1\" data-element_type=\"section\">\n\t\t\t\t\t\t<div class=\"elementor-container elementor-column-gap-default\">\n\t\t\t\t\t<div class=\"elementor-column elementor-col-100 elementor-top-column elementor-element elementor-element-14e19c9b\" data-id=\"14e19c9b\" data-element_type=\"column\">\n\t\t\t<div class=\"elementor-widget-wrap elementor-element-populated\">\n\t\t\t\t\t\t<div class=\"elementor-element elementor-element-45180ad8 elementor-widget elementor-widget-text-editor\" data-id=\"45180ad8\" data-element_type=\"widget\" data-widget_type=\"text-editor.default\">\n\t\t\t\t<div class=\"elementor-widget-container\">\n\t\t\t\t\t\t\t<h5 style=\"font-style: normal;\">Pour vous inscrire au stage, merci de remplir ce formulaire.<br \/>Je vous recontacterai rapidement.<\/h5>\t\t\t\t\t\t<\/div>\n\t\t\t\t<\/div>\n\t\t\t\t\t<\/div>\n\t\t<\/div>\n\t\t\t\t\t<\/div>\n\t\t<\/section>\n\t\t\t\t<section class=\"elementor-section elementor-top-section elementor-element elementor-element-a6b117f elementor-section-boxed elementor-section-height-default elementor-section-height-default\" data-id=\"a6b117f\" data-element_type=\"section\">\n\t\t\t\t\t\t<div class=\"elementor-container elementor-column-gap-default\">\n\t\t\t\t\t<div class=\"elementor-column elementor-col-100 elementor-top-column elementor-element elementor-element-46c99978\" data-id=\"46c99978\" data-element_type=\"column\">\n\t\t\t<div class=\"elementor-widget-wrap elementor-element-populated\">\n\t\t\t\t\t\t<div class=\"elementor-element elementor-element-3e5052c5 elementor-widget elementor-widget-wpforms\" data-id=\"3e5052c5\" data-element_type=\"widget\" data-widget_type=\"wpforms.default\">\n\t\t\t\t<div class=\"elementor-widget-container\">\n\t\t\t<div class=\"wpforms-container\" id=\"wpforms-26609\"><form id=\"wpforms-form-26609\" class=\"wpforms-validate wpforms-form wpforms-ajax-form\" data-formid=\"26609\" method=\"post\" enctype=\"multipart\/form-data\" action=\"\/wp-json\/wp\/v2\/pages\/26607\" data-token=\"13a30ddb60ef9b6f34ba84ba56820816\" data-token-time=\"1776766734\" data-trp-original-action=\"\/en\/wp-json\/wp\/v2\/pages\/26607\"><noscript class=\"wpforms-error-noscript\">Please enable JavaScript in your browser to complete this form.<\/noscript><div class=\"wpforms-field-container\"><div id=\"wpforms-26609-field_0-container\" class=\"wpforms-field wpforms-field-name\" data-field-id=\"0\"><label class=\"wpforms-field-label wpforms-label-hide\" for=\"wpforms-26609-field_0\">Name <span class=\"wpforms-required-label\">*<\/span><\/label><input type=\"text\" id=\"wpforms-26609-field_0\" class=\"wpforms-field-large wpforms-field-required\" name=\"wpforms[fields][0]\" placeholder=\"Pr\u00e9nom\" required><\/div><div id=\"wpforms-26609-field_6-container\" class=\"wpforms-field wpforms-field-name\" data-field-id=\"6\"><label class=\"wpforms-field-label wpforms-label-hide\" for=\"wpforms-26609-field_6\">Name <span class=\"wpforms-required-label\">*<\/span><\/label><input type=\"text\" id=\"wpforms-26609-field_6\" class=\"wpforms-field-large wpforms-field-required\" name=\"wpforms[fields][6]\" placeholder=\"Name\" required><\/div><div id=\"wpforms-26609-field_1-container\" class=\"wpforms-field wpforms-field-email\" data-field-id=\"1\"><label class=\"wpforms-field-label wpforms-label-hide\" for=\"wpforms-26609-field_1\">Email <span class=\"wpforms-required-label\">*<\/span><\/label><input type=\"email\" id=\"wpforms-26609-field_1\" class=\"wpforms-field-large wpforms-field-required\" name=\"wpforms[fields][1]\" placeholder=\"Email\" spellcheck=\"false\" required><\/div><div id=\"wpforms-26609-field_5-container\" class=\"wpforms-field wpforms-field-text\" data-field-id=\"5\"><label class=\"wpforms-field-label wpforms-label-hide\" for=\"wpforms-26609-field_5\">T\u00e9l\u00e9phone <span class=\"wpforms-required-label\">*<\/span><\/label><input type=\"text\" id=\"wpforms-26609-field_5\" class=\"wpforms-field-large wpforms-field-required\" name=\"wpforms[fields][5]\" placeholder=\"T\u00e9l\u00e9phone\" required><\/div><div id=\"wpforms-26609-field_7-container\" class=\"wpforms-field wpforms-field-radio\" data-field-id=\"7\"><label class=\"wpforms-field-label\">Pratique(s) Isha d\u00e9j\u00e0 apprise(s)<\/label><ul id=\"wpforms-26609-field_7\"><li class=\"choice-3 depth-1\"><input type=\"radio\" id=\"wpforms-26609-field_7_3\" name=\"wpforms[fields][7]\" value=\"Shambhavi Mahamudra\"  ><label class=\"wpforms-field-label-inline\" for=\"wpforms-26609-field_7_3\">Shambhavi Mahamudra<\/label><\/li><li class=\"choice-1 depth-1\"><input type=\"radio\" id=\"wpforms-26609-field_7_1\" name=\"wpforms[fields][7]\" value=\"Surya Kriya\"  ><label class=\"wpforms-field-label-inline\" for=\"wpforms-26609-field_7_1\">Surya Kriya<\/label><\/li><li class=\"choice-2 depth-1\"><input type=\"radio\" id=\"wpforms-26609-field_7_2\" name=\"wpforms[fields][7]\" value=\"Bhuta Shuddhi\"  ><label class=\"wpforms-field-label-inline\" for=\"wpforms-26609-field_7_2\">Bhuta Shuddhi<\/label><\/li><li class=\"choice-5 depth-1\"><input type=\"radio\" id=\"wpforms-26609-field_7_5\" name=\"wpforms[fields][7]\" value=\"Yogasanas\"  ><label class=\"wpforms-field-label-inline\" for=\"wpforms-26609-field_7_5\">Yogasanas<\/label><\/li><li class=\"choice-6 depth-1\"><input type=\"radio\" id=\"wpforms-26609-field_7_6\" name=\"wpforms[fields][7]\" value=\"Angamardana\"  ><label class=\"wpforms-field-label-inline\" for=\"wpforms-26609-field_7_6\">Angamardana<\/label><\/li><li class=\"choice-7 depth-1\"><input type=\"radio\" id=\"wpforms-26609-field_7_7\" name=\"wpforms[fields][7]\" value=\"Surya Shakti\"  ><label class=\"wpforms-field-label-inline\" for=\"wpforms-26609-field_7_7\">Surya Shakti<\/label><\/li><li class=\"choice-4 depth-1\"><input type=\"radio\" id=\"wpforms-26609-field_7_4\" name=\"wpforms[fields][7]\" value=\"Shakti Chalana Kriya\"  ><label class=\"wpforms-field-label-inline\" for=\"wpforms-26609-field_7_4\">Shakti Chalana Kriya<\/label><\/li><li class=\"choice-8 depth-1\"><input type=\"radio\" id=\"wpforms-26609-field_7_8\" name=\"wpforms[fields][7]\" value=\"Autre (vous pouvez l&#039;indiquer dans le message)\"  ><label class=\"wpforms-field-label-inline\" for=\"wpforms-26609-field_7_8\">Autre (vous pouvez l'indiquer dans le message)<\/label><\/li><\/ul><\/div><div id=\"wpforms-26609-field_2-container\" class=\"wpforms-field wpforms-field-textarea\" data-field-id=\"2\"><label class=\"wpforms-field-label wpforms-label-hide\" for=\"wpforms-26609-field_2\">Your Message<\/label><textarea id=\"wpforms-26609-field_2\" class=\"wpforms-field-medium\" name=\"wpforms[fields][2]\" placeholder=\"Message\" ><\/textarea><\/div><\/div><!-- .wpforms-field-container --><div class=\"wpforms-recaptcha-container wpforms-is-recaptcha wpforms-is-recaptcha-type-v3\" ><input type=\"hidden\" name=\"wpforms[recaptcha]\" value=\"\"><\/div><div class=\"wpforms-submit-container\" ><input type=\"hidden\" name=\"wpforms[id]\" value=\"26609\"><input type=\"hidden\" name=\"page_title\" value=\"\"><input type=\"hidden\" name=\"page_url\" value=\"https:\/\/hathalife.fr\/en\/wp-json\/wp\/v2\/pages\/26607\"><button type=\"submit\" name=\"wpforms[submit]\" id=\"wpforms-submit-26609\" class=\"wpforms-submit\" data-alt-text=\"Sending...\" data-submit-text=\"Envoyer\" aria-live=\"assertive\" value=\"wpforms-submit\">Send<\/button><img decoding=\"async\" src=\"https:\/\/hathalife.fr\/wp-content\/plugins\/wpforms-lite\/assets\/images\/submit-spin.svg\" class=\"wpforms-submit-spinner\" style=\"display: none;\" width=\"26\" height=\"26\" alt=\"Loading\"><\/div><input type=\"hidden\" name=\"trp-form-language\" value=\"en\"\/><\/form><\/div>  <!-- .wpforms-container -->\t\t<\/div>\n\t\t\t\t<\/div>\n\t\t\t\t\t<\/div>\n\t\t<\/div>\n\t\t\t\t\t<\/div>\n\t\t<\/section>\n\t\t\t\t<\/div>","protected":false},"excerpt":{"rendered":"<p>Pour vous inscrire au stage, merci de remplir ce formulaire.Je vous recontacterai rapidement. Veuillez activer JavaScript dans votre navigateur pour remplir ce formulaire.Nom *Nom *Email *T\u00e9l\u00e9phone *Pratique(s) Isha d\u00e9j\u00e0 apprise(s) Shambhavi Mahamudra Surya Kriya Bhuta Shuddhi Yogasanas Angamardana Surya Shakti Shakti Chalana Kriya Autre (vous pouvez l&rsquo;indiquer dans le message) Your Message Envoyer<\/p>","protected":false},"author":1,"featured_media":0,"parent":0,"menu_order":0,"comment_status":"closed","ping_status":"closed","template":"","meta":{"site-sidebar-layout":"no-sidebar","site-content-layout":"page-builder","ast-site-content-layout":"full-width-container","site-content-style":"default","site-sidebar-style":"default","ast-global-header-display":"","ast-banner-title-visibility":"","ast-main-header-display":"","ast-hfb-above-header-display":"","ast-hfb-below-header-display":"","ast-hfb-mobile-header-display":"","site-post-title":"disabled","ast-breadcrumbs-content":"","ast-featured-img":"disabled","footer-sml-layout":"","theme-transparent-header-meta":"","adv-header-id-meta":"","stick-header-meta":"","header-above-stick-meta":"","header-main-stick-meta":"","header-below-stick-meta":"","astra-migrate-meta-layouts":"set","ast-page-background-enabled":"default","ast-page-background-meta":{"desktop":{"background-color":"","background-image":"","background-repeat":"repeat","background-position":"center center","background-size":"auto","background-attachment":"scroll","background-type":"","background-media":"","overlay-type":"","overlay-color":"","overlay-opacity":"","overlay-gradient":""},"tablet":{"background-color":"","background-image":"","background-repeat":"repeat","background-position":"center center","background-size":"auto","background-attachment":"scroll","background-type":"","background-media":"","overlay-type":"","overlay-color":"","overlay-opacity":"","overlay-gradient":""},"mobile":{"background-color":"","background-image":"","background-repeat":"repeat","background-position":"center center","background-size":"auto","background-attachment":"scroll","background-type":"","background-media":"","overlay-type":"","overlay-color":"","overlay-opacity":"","overlay-gradient":""}},"ast-content-background-meta":{"desktop":{"background-color":"var(--ast-global-color-5)","background-image":"","background-repeat":"repeat","background-position":"center center","background-size":"auto","background-attachment":"scroll","background-type":"","background-media":"","overlay-type":"","overlay-color":"","overlay-opacity":"","overlay-gradient":""},"tablet":{"background-color":"var(--ast-global-color-5)","background-image":"","background-repeat":"repeat","background-position":"center center","background-size":"auto","background-attachment":"scroll","background-type":"","background-media":"","overlay-type":"","overlay-color":"","overlay-opacity":"","overlay-gradient":""},"mobile":{"background-color":"var(--ast-global-color-5)","background-image":"","background-repeat":"repeat","background-position":"center center","background-size":"auto","background-attachment":"scroll","background-type":"","background-media":"","overlay-type":"","overlay-color":"","overlay-opacity":"","overlay-gradient":""}},"footnotes":""},"class_list":["post-26607","page","type-page","status-publish","hentry"],"yoast_head":"<!-- This site is optimized with the Yoast SEO plugin v24.0 - https:\/\/yoast.com\/wordpress\/plugins\/seo\/ -->\n<title>Formulaire Yogasanas Avanc\u00e9es - HathaLife<\/title>\n<meta name=\"robots\" content=\"index, follow, max-snippet:-1, max-image-preview:large, max-video-preview:-1\" \/>\n<link rel=\"canonical\" href=\"https:\/\/hathalife.fr\/en\/formulaire-yogasanas-avancees\/\" \/>\n<meta property=\"og:locale\" content=\"en_GB\" \/>\n<meta property=\"og:type\" content=\"article\" \/>\n<meta property=\"og:title\" content=\"Formulaire Yogasanas Avanc\u00e9es - HathaLife\" \/>\n<meta property=\"og:description\" content=\"Pour vous inscrire au stage, merci de remplir ce formulaire.Je vous recontacterai rapidement. Veuillez activer JavaScript dans votre navigateur pour remplir ce formulaire.Nom *Nom *Email *T\u00e9l\u00e9phone *Pratique(s) Isha d\u00e9j\u00e0 apprise(s) Shambhavi Mahamudra Surya Kriya Bhuta Shuddhi Yogasanas Angamardana Surya Shakti Shakti Chalana Kriya Autre (vous pouvez l&rsquo;indiquer dans le message) Your Message Envoyer\" \/>\n<meta property=\"og:url\" content=\"https:\/\/hathalife.fr\/en\/formulaire-yogasanas-avancees\/\" \/>\n<meta property=\"og:site_name\" content=\"HathaLife\" \/>\n<meta property=\"article:modified_time\" content=\"2025-02-09T12:46:19+00:00\" \/>\n<meta property=\"og:image\" content=\"https:\/\/hathalife.fr\/wp-content\/plugins\/wpforms-lite\/assets\/images\/submit-spin.svg\" \/>\n<meta name=\"twitter:card\" content=\"summary_large_image\" \/>\n<meta name=\"twitter:label1\" content=\"Estimated reading time\" \/>\n\t<meta name=\"twitter:data1\" content=\"1 minute\" \/>\n<script type=\"application\/ld+json\" class=\"yoast-schema-graph\">{\"@context\":\"https:\/\/schema.org\",\"@graph\":[{\"@type\":\"WebPage\",\"@id\":\"https:\/\/hathalife.fr\/en\/formulaire-yogasanas-avancees\/\",\"url\":\"https:\/\/hathalife.fr\/en\/formulaire-yogasanas-avancees\/\",\"name\":\"Formulaire Yogasanas Avanc\u00e9es - HathaLife\",\"isPartOf\":{\"@id\":\"https:\/\/hathalife.fr\/#website\"},\"primaryImageOfPage\":{\"@id\":\"https:\/\/hathalife.fr\/en\/formulaire-yogasanas-avancees\/#primaryimage\"},\"image\":{\"@id\":\"https:\/\/hathalife.fr\/en\/formulaire-yogasanas-avancees\/#primaryimage\"},\"thumbnailUrl\":\"https:\/\/hathalife.fr\/wp-content\/plugins\/wpforms-lite\/assets\/images\/submit-spin.svg\",\"datePublished\":\"2025-02-09T12:10:57+00:00\",\"dateModified\":\"2025-02-09T12:46:19+00:00\",\"breadcrumb\":{\"@id\":\"https:\/\/hathalife.fr\/en\/formulaire-yogasanas-avancees\/#breadcrumb\"},\"inLanguage\":\"en-GB\",\"potentialAction\":[{\"@type\":\"ReadAction\",\"target\":[\"https:\/\/hathalife.fr\/en\/formulaire-yogasanas-avancees\/\"]}]},{\"@type\":\"ImageObject\",\"inLanguage\":\"en-GB\",\"@id\":\"https:\/\/hathalife.fr\/en\/formulaire-yogasanas-avancees\/#primaryimage\",\"url\":\"https:\/\/hathalife.fr\/wp-content\/plugins\/wpforms-lite\/assets\/images\/submit-spin.svg\",\"contentUrl\":\"https:\/\/hathalife.fr\/wp-content\/plugins\/wpforms-lite\/assets\/images\/submit-spin.svg\"},{\"@type\":\"BreadcrumbList\",\"@id\":\"https:\/\/hathalife.fr\/en\/formulaire-yogasanas-avancees\/#breadcrumb\",\"itemListElement\":[{\"@type\":\"ListItem\",\"position\":1,\"name\":\"Accueil\",\"item\":\"https:\/\/hathalife.fr\/\"},{\"@type\":\"ListItem\",\"position\":2,\"name\":\"Formulaire Yogasanas Avanc\u00e9es\"}]},{\"@type\":\"WebSite\",\"@id\":\"https:\/\/hathalife.fr\/#website\",\"url\":\"https:\/\/hathalife.fr\/\",\"name\":\"HathaLife\",\"description\":\"Cours et Stages de Hatha Yoga\",\"publisher\":{\"@id\":\"https:\/\/hathalife.fr\/#organization\"},\"potentialAction\":[{\"@type\":\"SearchAction\",\"target\":{\"@type\":\"EntryPoint\",\"urlTemplate\":\"https:\/\/hathalife.fr\/?s={search_term_string}\"},\"query-input\":{\"@type\":\"PropertyValueSpecification\",\"valueRequired\":true,\"valueName\":\"search_term_string\"}}],\"inLanguage\":\"en-GB\"},{\"@type\":\"Organization\",\"@id\":\"https:\/\/hathalife.fr\/#organization\",\"name\":\"HathaLife\",\"url\":\"https:\/\/hathalife.fr\/\",\"logo\":{\"@type\":\"ImageObject\",\"inLanguage\":\"en-GB\",\"@id\":\"https:\/\/hathalife.fr\/#\/schema\/logo\/image\/\",\"url\":\"https:\/\/hathalife.fr\/wp-content\/uploads\/2024\/12\/cropped-yoga-3.jpg\",\"contentUrl\":\"https:\/\/hathalife.fr\/wp-content\/uploads\/2024\/12\/cropped-yoga-3.jpg\",\"width\":1600,\"height\":397,\"caption\":\"HathaLife\"},\"image\":{\"@id\":\"https:\/\/hathalife.fr\/#\/schema\/logo\/image\/\"}}]}<\/script>\n<!-- \/ Yoast SEO plugin. -->","yoast_head_json":{"title":"Formulaire Yogasanas Avanc\u00e9es - HathaLife","robots":{"index":"index","follow":"follow","max-snippet":"max-snippet:-1","max-image-preview":"max-image-preview:large","max-video-preview":"max-video-preview:-1"},"canonical":"https:\/\/hathalife.fr\/en\/formulaire-yogasanas-avancees\/","og_locale":"en_GB","og_type":"article","og_title":"Formulaire Yogasanas Avanc\u00e9es - HathaLife","og_description":"Pour vous inscrire au stage, merci de remplir ce formulaire.Je vous recontacterai rapidement. Veuillez activer JavaScript dans votre navigateur pour remplir ce formulaire.Nom *Nom *Email *T\u00e9l\u00e9phone *Pratique(s) Isha d\u00e9j\u00e0 apprise(s) Shambhavi Mahamudra Surya Kriya Bhuta Shuddhi Yogasanas Angamardana Surya Shakti Shakti Chalana Kriya Autre (vous pouvez l&rsquo;indiquer dans le message) Your Message Envoyer","og_url":"https:\/\/hathalife.fr\/en\/formulaire-yogasanas-avancees\/","og_site_name":"HathaLife","article_modified_time":"2025-02-09T12:46:19+00:00","og_image":[{"url":"https:\/\/hathalife.fr\/wp-content\/plugins\/wpforms-lite\/assets\/images\/submit-spin.svg","type":"","width":"","height":""}],"twitter_card":"summary_large_image","twitter_misc":{"Estimated reading time":"1 minute"},"schema":{"@context":"https:\/\/schema.org","@graph":[{"@type":"WebPage","@id":"https:\/\/hathalife.fr\/en\/formulaire-yogasanas-avancees\/","url":"https:\/\/hathalife.fr\/en\/formulaire-yogasanas-avancees\/","name":"Formulaire Yogasanas Avanc\u00e9es - HathaLife","isPartOf":{"@id":"https:\/\/hathalife.fr\/#website"},"primaryImageOfPage":{"@id":"https:\/\/hathalife.fr\/en\/formulaire-yogasanas-avancees\/#primaryimage"},"image":{"@id":"https:\/\/hathalife.fr\/en\/formulaire-yogasanas-avancees\/#primaryimage"},"thumbnailUrl":"https:\/\/hathalife.fr\/wp-content\/plugins\/wpforms-lite\/assets\/images\/submit-spin.svg","datePublished":"2025-02-09T12:10:57+00:00","dateModified":"2025-02-09T12:46:19+00:00","breadcrumb":{"@id":"https:\/\/hathalife.fr\/en\/formulaire-yogasanas-avancees\/#breadcrumb"},"inLanguage":"en-GB","potentialAction":[{"@type":"ReadAction","target":["https:\/\/hathalife.fr\/en\/formulaire-yogasanas-avancees\/"]}]},{"@type":"ImageObject","inLanguage":"en-GB","@id":"https:\/\/hathalife.fr\/en\/formulaire-yogasanas-avancees\/#primaryimage","url":"https:\/\/hathalife.fr\/wp-content\/plugins\/wpforms-lite\/assets\/images\/submit-spin.svg","contentUrl":"https:\/\/hathalife.fr\/wp-content\/plugins\/wpforms-lite\/assets\/images\/submit-spin.svg"},{"@type":"BreadcrumbList","@id":"https:\/\/hathalife.fr\/en\/formulaire-yogasanas-avancees\/#breadcrumb","itemListElement":[{"@type":"ListItem","position":1,"name":"Accueil","item":"https:\/\/hathalife.fr\/"},{"@type":"ListItem","position":2,"name":"Formulaire Yogasanas Avanc\u00e9es"}]},{"@type":"WebSite","@id":"https:\/\/hathalife.fr\/#website","url":"https:\/\/hathalife.fr\/","name":"HathaLife","description":"Cours et Stages de Hatha Yoga","publisher":{"@id":"https:\/\/hathalife.fr\/#organization"},"potentialAction":[{"@type":"SearchAction","target":{"@type":"EntryPoint","urlTemplate":"https:\/\/hathalife.fr\/?s={search_term_string}"},"query-input":{"@type":"PropertyValueSpecification","valueRequired":true,"valueName":"search_term_string"}}],"inLanguage":"en-GB"},{"@type":"Organization","@id":"https:\/\/hathalife.fr\/#organization","name":"HathaLife","url":"https:\/\/hathalife.fr\/","logo":{"@type":"ImageObject","inLanguage":"en-GB","@id":"https:\/\/hathalife.fr\/#\/schema\/logo\/image\/","url":"https:\/\/hathalife.fr\/wp-content\/uploads\/2024\/12\/cropped-yoga-3.jpg","contentUrl":"https:\/\/hathalife.fr\/wp-content\/uploads\/2024\/12\/cropped-yoga-3.jpg","width":1600,"height":397,"caption":"HathaLife"},"image":{"@id":"https:\/\/hathalife.fr\/#\/schema\/logo\/image\/"}}]}},"_links":{"self":[{"href":"https:\/\/hathalife.fr\/en\/wp-json\/wp\/v2\/pages\/26607","targetHints":{"allow":["GET"]}}],"collection":[{"href":"https:\/\/hathalife.fr\/en\/wp-json\/wp\/v2\/pages"}],"about":[{"href":"https:\/\/hathalife.fr\/en\/wp-json\/wp\/v2\/types\/page"}],"author":[{"embeddable":true,"href":"https:\/\/hathalife.fr\/en\/wp-json\/wp\/v2\/users\/1"}],"replies":[{"embeddable":true,"href":"https:\/\/hathalife.fr\/en\/wp-json\/wp\/v2\/comments?post=26607"}],"version-history":[{"count":10,"href":"https:\/\/hathalife.fr\/en\/wp-json\/wp\/v2\/pages\/26607\/revisions"}],"predecessor-version":[{"id":26637,"href":"https:\/\/hathalife.fr\/en\/wp-json\/wp\/v2\/pages\/26607\/revisions\/26637"}],"wp:attachment":[{"href":"https:\/\/hathalife.fr\/en\/wp-json\/wp\/v2\/media?parent=26607"}],"curies":[{"name":"wp","href":"https:\/\/api.w.org\/{rel}","templated":true}]}}